{"id":198,"date":"2016-07-27T22:01:28","date_gmt":"2016-07-27T22:01:28","guid":{"rendered":"https:\/\/rossanacounseling.com\/?page_id=198&#038;lang=pt-br"},"modified":"2018-07-01T09:07:19","modified_gmt":"2018-07-01T13:07:19","slug":"sobre-rossana-magalhaes","status":"publish","type":"page","link":"https:\/\/rossanacounseling.com\/pt-br\/sobre-rossana-magalhaes\/","title":{"rendered":"Sobre Rossana Magalh\u00e3es"},"content":{"rendered":"<h2>Rossana Lorentz Magalh\u00e3es \u00e9 uma Terapeuta Certificada Nacionalmente nos Estados Unidos<\/h2>\n<figure id=\"attachment_91\" aria-describedby=\"caption-attachment-91\" style=\"width: 300px\" class=\"wp-caption alignleft\"><img loading=\"lazy\" decoding=\"async\" class=\"wp-image-698 size-full\" src=\"https:\/\/rossanacounseling.com\/wp-content\/uploads\/2016\/01\/rossana-magalhaes-yellow-300x484.jpg\" alt=\"Rossana Magalhaes, M.S. EdS Certified National Counselor\" width=\"300\" height=\"484\" srcset=\"https:\/\/rossanacounseling.com\/wp-content\/uploads\/2016\/01\/rossana-magalhaes-yellow-300x484.jpg 300w, https:\/\/rossanacounseling.com\/wp-content\/uploads\/2016\/01\/rossana-magalhaes-yellow-300x484-186x300.jpg 186w\" sizes=\"auto, (max-width: 300px) 100vw, 300px\" \/><figcaption id=\"caption-attachment-91\" class=\"wp-caption-text\">Rossana Magalhaes, Master em Terapia e Educa\u00e7\u00e3o, Terapeuta Certificada Nacionalmente<\/figcaption><\/figure>\n<p class=\"p1\"><span class=\"s1\">Rossana formou com um Bacharelado em Psicologia e um mestrado em Terapia de Casais e Fam\u00edlias, pela Universidade da Carolina do Norte em Greensboro, UNC-G. Rossana tamb\u00e9m se formou com um Bacharelado em Pedagogia e Orienta\u00e7\u00e3o Escolar pela Univale-Governador Valadares, no Sudeste do Brasil.<\/span><\/p>\n<p class=\"p1\"><span class=\"s1\">Rossana \u00e9 particularmente interessada em trabalhar com casais,<span class=\"Apple-converted-space\">\u00a0 <\/span>aconselhamento familiar, relacionamento, transi\u00e7\u00f5es de fase de vida e de desenvolvimento, transtornos de ajustamento, depress\u00e3o, ansiedade, espiritualidade, quest\u00f5es de carreira, intimidade, apego, v\u00edcios e dificuldades de auto-estima.<\/span><\/p>\n<p class=\"p1\"><span class=\"s1\">Como praticante de medita\u00e7\u00e3o, Rossana acredita que entrar em contato com nossos sentimentos e nosso corpo pode ser um recurso importante no processo de entendimento das nossas dificuldades e em achar op\u00e7\u00f5es para desenvolvimento pessoal. Ela tamb\u00e9m possui um certificado de Biofeedback pelo Instituto HeartMath nos Estados Unidos.<\/span><\/p>\n<p class=\"p1\"><span class=\"s1\">Rossana \u00e9 instrutora de Redu\u00e7\u00e3o do Stress pela Aten\u00e7\u00e3o Plena, MBSR, um programa patenteado pela Universidade de Medicina de Massachusetts e pelo Centro da Mente Presente. A principal teoria que Rossana usa para trabalhar com casais \u00e9 o Terapia Focada nas Emo\u00e7\u00f5es (EFT), da Dra. Susan Johnson. <\/span><\/p>\n<p>Rossana tamb\u00e9m\u00a0\u00e9 instrutora de medita\u00e7\u00e3o\u00a0 no Departamento de Neuro-Biologia e Anatomia da Universidade de Medicina Wake Forest, na cidade de Winston Salen, NC. (Wake Forest School of Medicine, Department of Neurobiology and Anatomy). Ela trabalha diretamente com o doutor Fadel Zeidan, PhD, Professor Assistente de Neurobiologia e Anatomia e Diretor de Neuroci\u00eancia do Centro De Medicina Integrativa do Wake Forest. (Assistant Professor of Neurobiology and Anatomy and Associate Director of Neuroscience at the Wake Forest Center for Integrative Medicine).<\/p>\n<h3>Sobre os Servi\u00e7os de Terapia que Ofere\u00e7o:<\/h3>\n<p><img loading=\"lazy\" decoding=\"async\" class=\"size-medium wp-image-93 alignright\" src=\"https:\/\/rossanacounseling.com\/wp-content\/uploads\/2016\/01\/rossana-magalhaes-300x366-246x300.jpg\" alt=\"Rossan Magalhaes\" width=\"246\" height=\"300\" srcset=\"https:\/\/rossanacounseling.com\/wp-content\/uploads\/2016\/01\/rossana-magalhaes-300x366-246x300.jpg 246w, https:\/\/rossanacounseling.com\/wp-content\/uploads\/2016\/01\/rossana-magalhaes-300x366.jpg 300w\" sizes=\"auto, (max-width: 246px) 100vw, 246px\" \/><\/p>\n<p class=\"p1\"><span class=\"s1\">A minha abordagem de terapia com indiv\u00edduos, casais, fam\u00edlias, adolescentes ou crian\u00e7as, \u00e9 facilitar a jornada do cliente em encontrar recursos e compet\u00eancias para aumentar a consci\u00eancia de si mesmo e reduzir dores fisicas e emocionais.\u00a0<\/span><\/p>\n<p class=\"p1\"><span class=\"s1\">Eu acredito fortemente em incentivar a compaix\u00e3o, consci\u00eancia, percep\u00e7\u00e3o e auto-aceita\u00e7\u00e3o.<\/span><\/p>\n<p class=\"p1\"><span class=\"s1\">Carl Rogers disse uma vez: &#8220;. O paradoxo curioso \u00e9 que quando me aceito como eu sou, ent\u00e3o eu posso mudar&#8221; (Carl R. Rogers &#8211; psic\u00f3logo americano)<\/span><\/p>\n<p class=\"p1\"><span class=\"s1\">O meu objectivo com a terapia \u00e9 formar um ambiente seguro para promover a cura necess\u00e1ria. Eu promovo a seguran\u00e7a sendo imparcial e promovendo uma alian\u00e7a com as necessidades e as hist\u00f3rias do meu cliente.<\/span><\/p>\n<p class=\"p1\"><span class=\"s1\">Com base na teoria do apego, eu entendo que quando experimentamos modelos r\u00edgidos de<span class=\"Apple-converted-space\">\u00a0 <\/span>apego nas rela\u00e7\u00f5es com familiares, podemos desenvolver mecanismos de defesa e de isolamento, desconex\u00e3o de emo\u00e7\u00f5es e potenciais formas inadequadas de intera\u00e7\u00e3o. Como terapeuta, eu me esfor\u00e7o para servir como uma base confi\u00e1vel e segura a partir da qual os meus clientes podem come\u00e7ar a \u00e1rdua tarefa de explorar e refazer suas cren\u00e7as internas.<\/span><\/p>\n<p class=\"p1\"><span class=\"s1\">Eu entendo que os eventos dolorosos da inf\u00e2ncia e as mudan\u00e7as da vida podem promover formas de enfrentar a realidade que n\u00e3o s\u00e3o ideais hoje, mas que serviram como mecanismos de defesa em algum momento da vida. Eu acredito fortemente que cada indiv\u00edduo tem o potencial de transformar sua vida. \u00c9 apenas uma quest\u00e3o de aceitar o que est\u00e1 presente no momento e definir o que deseja transformar.<\/span><\/p>\n<p class=\"p1\"><span class=\"s1\">Como terapeuta de casais, eu uso a Terapia Focada nas Emo\u00e7\u00f5es,(EFT), desenvolvida pela Dra. Sue Johnson\u00a0 (*). EFT \u00e9 um modelo altamente eficaz de terapia para casais, com pesquisas cient\u00edficas que demonstram sua efic\u00e1cia e a baixa taxa de retorno \u00e0 terapia.<\/span><\/p>\n<p class=\"p1\"><span class=\"s1\">Meu estilo \u00e9 provavelmente melhor descrito como caloroso, curiosos e atento. Com casais, eu uso Terapia Emocionalmente Focused (veja <a href=\"http:\/\/www.iceeft.com\"><span class=\"s2\">www.iceeft.com<\/span><\/a>). Com crian\u00e7as e alguns adolescentes, eu uso terapia de jogo, permitindo-lhes &#8220;contar a sua hist\u00f3ria&#8221; e expressar seus sentimentos com as ferramentas mais familiares para eles: bandeja de areia, trabalhos de arte e fantoches.<\/span><\/p>\n<p class=\"p1\"><span class=\"s1\">Al\u00e9m de problemas de relacionamento, eu trabalho com casais em problemas de relacionamento com filhos. Eu tamb\u00e9m trabalho com crian\u00e7as, adolescentes e adultos enfrentando quest\u00f5es relacionadas com a viol\u00eancia dom\u00e9stica, trauma, ado\u00e7\u00e3o e sexualidade (particularmente compuls\u00e3o sexual e depend\u00eancia).<\/span><\/p>\n<h3>Por favor, ligue 1-336-422-7679 a qualquer momento &#8211; para agendar uma entrevista. Voc\u00ea pode tamb\u00e9 usar o WhatsApp para o n\u00famero 1-336-543-6624.<\/h3>\n<p><em>(*) Dr. Susan Johnson \u00e9 uma psic\u00f3logo cl\u00ednica, professora em\u00e9rita da Universidade de Ottawa, diretora do Instituto da Fam\u00edlia e Casais de Ottawa, e diretora do Centro Internacional de Excel\u00eancia em Terapia Focada nas Emo\u00e7o\u00f5es.<\/em><\/p>\n","protected":false},"excerpt":{"rendered":"<p>Rossana Lorentz Magalh\u00e3es \u00e9 uma Terapeuta Certificada Nacionalmente nos Estados Unidos Rossana formou com um Bacharelado em Psicologia e um [&hellip;]<\/p>\n","protected":false},"author":1,"featured_media":0,"parent":0,"menu_order":0,"comment_status":"closed","ping_status":"closed","template":"","meta":{"_uag_custom_page_level_css":"","site-sidebar-layout":"default","site-content-layout":"","ast-site-content-layout":"default","site-content-style":"default","site-sidebar-style":"default","ast-global-header-display":"","ast-banner-title-visibility":"","ast-main-header-display":"","ast-hfb-above-header-display":"","ast-hfb-below-header-display":"","ast-hfb-mobile-header-display":"","site-post-title":"","ast-breadcrumbs-content":"","ast-featured-img":"","footer-sml-layout":"","ast-disable-related-posts":"","theme-transparent-header-meta":"","adv-header-id-meta":"","stick-header-meta":"","header-above-stick-meta":"","header-main-stick-meta":"","header-below-stick-meta":"","astra-migrate-meta-layouts":"default","ast-page-background-enabled":"default","ast-page-background-meta":{"desktop":{"background-color":"var(--ast-global-color-4)","background-image":"","background-repeat":"repeat","background-position":"center center","background-size":"auto","background-attachment":"scroll","background-type":"","background-media":"","overlay-type":"","overlay-color":"","overlay-opacity":"","overlay-gradient":""},"tablet":{"background-color":"","background-image":"","background-repeat":"repeat","background-position":"center center","background-size":"auto","background-attachment":"scroll","background-type":"","background-media":"","overlay-type":"","overlay-color":"","overlay-opacity":"","overlay-gradient":""},"mobile":{"background-color":"","background-image":"","background-repeat":"repeat","background-position":"center center","background-size":"auto","background-attachment":"scroll","background-type":"","background-media":"","overlay-type":"","overlay-color":"","overlay-opacity":"","overlay-gradient":""}},"ast-content-background-meta":{"desktop":{"background-color":"var(--ast-global-color-5)","background-image":"","background-repeat":"repeat","background-position":"center center","background-size":"auto","background-attachment":"scroll","background-type":"","background-media":"","overlay-type":"","overlay-color":"","overlay-opacity":"","overlay-gradient":""},"tablet":{"background-color":"var(--ast-global-color-5)","background-image":"","background-repeat":"repeat","background-position":"center center","background-size":"auto","background-attachment":"scroll","background-type":"","background-media":"","overlay-type":"","overlay-color":"","overlay-opacity":"","overlay-gradient":""},"mobile":{"background-color":"var(--ast-global-color-5)","background-image":"","background-repeat":"repeat","background-position":"center center","background-size":"auto","background-attachment":"scroll","background-type":"","background-media":"","overlay-type":"","overlay-color":"","overlay-opacity":"","overlay-gradient":""}},"footnotes":""},"class_list":["post-198","page","type-page","status-publish","hentry"],"yoast_head":"<!-- This site is optimized with the Yoast SEO plugin v27.3 - https:\/\/yoast.com\/product\/yoast-seo-wordpress\/ -->\n<title>Sobre Rossana Magalh\u00e3es - Rossana Counseling<\/title>\n<meta name=\"robots\" content=\"index, follow, max-snippet:-1, max-image-preview:large, max-video-preview:-1\" \/>\n<link rel=\"canonical\" href=\"https:\/\/rossanacounseling.com\/pt-br\/sobre-rossana-magalhaes\/\" \/>\n<meta property=\"og:locale\" content=\"pt_BR\" \/>\n<meta property=\"og:type\" content=\"article\" \/>\n<meta property=\"og:title\" content=\"Sobre Rossana Magalh\u00e3es - Rossana Counseling\" \/>\n<meta property=\"og:description\" content=\"Rossana Lorentz Magalh\u00e3es \u00e9 uma Terapeuta Certificada Nacionalmente nos Estados Unidos Rossana formou com um Bacharelado em Psicologia e um [&hellip;]\" \/>\n<meta property=\"og:url\" content=\"https:\/\/rossanacounseling.com\/pt-br\/sobre-rossana-magalhaes\/\" \/>\n<meta property=\"og:site_name\" content=\"Rossana Counseling\" \/>\n<meta property=\"article:modified_time\" content=\"2018-07-01T13:07:19+00:00\" \/>\n<meta property=\"og:image\" content=\"http:\/\/rossanacounseling.com\/wp-content\/uploads\/2016\/01\/rossana-magalhaes-yellow-300x484.jpg\" \/>\n<meta name=\"twitter:card\" content=\"summary_large_image\" \/>\n<meta name=\"twitter:label1\" content=\"Est. tempo de leitura\" \/>\n\t<meta name=\"twitter:data1\" content=\"4 minutos\" \/>\n<script type=\"application\/ld+json\" class=\"yoast-schema-graph\">{\"@context\":\"https:\\\/\\\/schema.org\",\"@graph\":[{\"@type\":\"WebPage\",\"@id\":\"https:\\\/\\\/rossanacounseling.com\\\/pt-br\\\/sobre-rossana-magalhaes\\\/\",\"url\":\"https:\\\/\\\/rossanacounseling.com\\\/pt-br\\\/sobre-rossana-magalhaes\\\/\",\"name\":\"Sobre Rossana Magalh\u00e3es - Rossana Counseling\",\"isPartOf\":{\"@id\":\"https:\\\/\\\/rossanacounseling.com\\\/#website\"},\"primaryImageOfPage\":{\"@id\":\"https:\\\/\\\/rossanacounseling.com\\\/pt-br\\\/sobre-rossana-magalhaes\\\/#primaryimage\"},\"image\":{\"@id\":\"https:\\\/\\\/rossanacounseling.com\\\/pt-br\\\/sobre-rossana-magalhaes\\\/#primaryimage\"},\"thumbnailUrl\":\"https:\\\/\\\/rossanacounseling.com\\\/wp-content\\\/uploads\\\/2016\\\/01\\\/rossana-magalhaes-yellow-300x484.jpg\",\"datePublished\":\"2016-07-27T22:01:28+00:00\",\"dateModified\":\"2018-07-01T13:07:19+00:00\",\"breadcrumb\":{\"@id\":\"https:\\\/\\\/rossanacounseling.com\\\/pt-br\\\/sobre-rossana-magalhaes\\\/#breadcrumb\"},\"inLanguage\":\"pt-BR\",\"potentialAction\":[{\"@type\":\"ReadAction\",\"target\":[\"https:\\\/\\\/rossanacounseling.com\\\/pt-br\\\/sobre-rossana-magalhaes\\\/\"]}]},{\"@type\":\"ImageObject\",\"inLanguage\":\"pt-BR\",\"@id\":\"https:\\\/\\\/rossanacounseling.com\\\/pt-br\\\/sobre-rossana-magalhaes\\\/#primaryimage\",\"url\":\"https:\\\/\\\/rossanacounseling.com\\\/wp-content\\\/uploads\\\/2016\\\/01\\\/rossana-magalhaes-yellow-300x484.jpg\",\"contentUrl\":\"https:\\\/\\\/rossanacounseling.com\\\/wp-content\\\/uploads\\\/2016\\\/01\\\/rossana-magalhaes-yellow-300x484.jpg\"},{\"@type\":\"BreadcrumbList\",\"@id\":\"https:\\\/\\\/rossanacounseling.com\\\/pt-br\\\/sobre-rossana-magalhaes\\\/#breadcrumb\",\"itemListElement\":[{\"@type\":\"ListItem\",\"position\":1,\"name\":\"Home\",\"item\":\"https:\\\/\\\/rossanacounseling.com\\\/\"},{\"@type\":\"ListItem\",\"position\":2,\"name\":\"Sobre Rossana Magalh\u00e3es\"}]},{\"@type\":\"WebSite\",\"@id\":\"https:\\\/\\\/rossanacounseling.com\\\/#website\",\"url\":\"https:\\\/\\\/rossanacounseling.com\\\/\",\"name\":\"Rossana Counseling\",\"description\":\"Couples and Family Counseling\",\"publisher\":{\"@id\":\"https:\\\/\\\/rossanacounseling.com\\\/#organization\"},\"potentialAction\":[{\"@type\":\"SearchAction\",\"target\":{\"@type\":\"EntryPoint\",\"urlTemplate\":\"https:\\\/\\\/rossanacounseling.com\\\/?s={search_term_string}\"},\"query-input\":{\"@type\":\"PropertyValueSpecification\",\"valueRequired\":true,\"valueName\":\"search_term_string\"}}],\"inLanguage\":\"pt-BR\"},{\"@type\":\"Organization\",\"@id\":\"https:\\\/\\\/rossanacounseling.com\\\/#organization\",\"name\":\"Rossana Counseling\",\"url\":\"https:\\\/\\\/rossanacounseling.com\\\/\",\"logo\":{\"@type\":\"ImageObject\",\"inLanguage\":\"pt-BR\",\"@id\":\"https:\\\/\\\/rossanacounseling.com\\\/#\\\/schema\\\/logo\\\/image\\\/\",\"url\":\"https:\\\/\\\/rossanacounseling.com\\\/wp-content\\\/uploads\\\/2016\\\/07\\\/cropped-rossana-counseling-logo-512--e1502225123991.png\",\"contentUrl\":\"https:\\\/\\\/rossanacounseling.com\\\/wp-content\\\/uploads\\\/2016\\\/07\\\/cropped-rossana-counseling-logo-512--e1502225123991.png\",\"width\":500,\"height\":512,\"caption\":\"Rossana Counseling\"},\"image\":{\"@id\":\"https:\\\/\\\/rossanacounseling.com\\\/#\\\/schema\\\/logo\\\/image\\\/\"}}]}<\/script>\n<!-- \/ Yoast SEO plugin. -->","yoast_head_json":{"title":"Sobre Rossana Magalh\u00e3es - Rossana Counseling","robots":{"index":"index","follow":"follow","max-snippet":"max-snippet:-1","max-image-preview":"max-image-preview:large","max-video-preview":"max-video-preview:-1"},"canonical":"https:\/\/rossanacounseling.com\/pt-br\/sobre-rossana-magalhaes\/","og_locale":"pt_BR","og_type":"article","og_title":"Sobre Rossana Magalh\u00e3es - Rossana Counseling","og_description":"Rossana Lorentz Magalh\u00e3es \u00e9 uma Terapeuta Certificada Nacionalmente nos Estados Unidos Rossana formou com um Bacharelado em Psicologia e um [&hellip;]","og_url":"https:\/\/rossanacounseling.com\/pt-br\/sobre-rossana-magalhaes\/","og_site_name":"Rossana Counseling","article_modified_time":"2018-07-01T13:07:19+00:00","og_image":[{"url":"http:\/\/rossanacounseling.com\/wp-content\/uploads\/2016\/01\/rossana-magalhaes-yellow-300x484.jpg","type":"","width":"","height":""}],"twitter_card":"summary_large_image","twitter_misc":{"Est. tempo de leitura":"4 minutos"},"schema":{"@context":"https:\/\/schema.org","@graph":[{"@type":"WebPage","@id":"https:\/\/rossanacounseling.com\/pt-br\/sobre-rossana-magalhaes\/","url":"https:\/\/rossanacounseling.com\/pt-br\/sobre-rossana-magalhaes\/","name":"Sobre Rossana Magalh\u00e3es - Rossana Counseling","isPartOf":{"@id":"https:\/\/rossanacounseling.com\/#website"},"primaryImageOfPage":{"@id":"https:\/\/rossanacounseling.com\/pt-br\/sobre-rossana-magalhaes\/#primaryimage"},"image":{"@id":"https:\/\/rossanacounseling.com\/pt-br\/sobre-rossana-magalhaes\/#primaryimage"},"thumbnailUrl":"https:\/\/rossanacounseling.com\/wp-content\/uploads\/2016\/01\/rossana-magalhaes-yellow-300x484.jpg","datePublished":"2016-07-27T22:01:28+00:00","dateModified":"2018-07-01T13:07:19+00:00","breadcrumb":{"@id":"https:\/\/rossanacounseling.com\/pt-br\/sobre-rossana-magalhaes\/#breadcrumb"},"inLanguage":"pt-BR","potentialAction":[{"@type":"ReadAction","target":["https:\/\/rossanacounseling.com\/pt-br\/sobre-rossana-magalhaes\/"]}]},{"@type":"ImageObject","inLanguage":"pt-BR","@id":"https:\/\/rossanacounseling.com\/pt-br\/sobre-rossana-magalhaes\/#primaryimage","url":"https:\/\/rossanacounseling.com\/wp-content\/uploads\/2016\/01\/rossana-magalhaes-yellow-300x484.jpg","contentUrl":"https:\/\/rossanacounseling.com\/wp-content\/uploads\/2016\/01\/rossana-magalhaes-yellow-300x484.jpg"},{"@type":"BreadcrumbList","@id":"https:\/\/rossanacounseling.com\/pt-br\/sobre-rossana-magalhaes\/#breadcrumb","itemListElement":[{"@type":"ListItem","position":1,"name":"Home","item":"https:\/\/rossanacounseling.com\/"},{"@type":"ListItem","position":2,"name":"Sobre Rossana Magalh\u00e3es"}]},{"@type":"WebSite","@id":"https:\/\/rossanacounseling.com\/#website","url":"https:\/\/rossanacounseling.com\/","name":"Rossana Counseling","description":"Couples and Family Counseling","publisher":{"@id":"https:\/\/rossanacounseling.com\/#organization"},"potentialAction":[{"@type":"SearchAction","target":{"@type":"EntryPoint","urlTemplate":"https:\/\/rossanacounseling.com\/?s={search_term_string}"},"query-input":{"@type":"PropertyValueSpecification","valueRequired":true,"valueName":"search_term_string"}}],"inLanguage":"pt-BR"},{"@type":"Organization","@id":"https:\/\/rossanacounseling.com\/#organization","name":"Rossana Counseling","url":"https:\/\/rossanacounseling.com\/","logo":{"@type":"ImageObject","inLanguage":"pt-BR","@id":"https:\/\/rossanacounseling.com\/#\/schema\/logo\/image\/","url":"https:\/\/rossanacounseling.com\/wp-content\/uploads\/2016\/07\/cropped-rossana-counseling-logo-512--e1502225123991.png","contentUrl":"https:\/\/rossanacounseling.com\/wp-content\/uploads\/2016\/07\/cropped-rossana-counseling-logo-512--e1502225123991.png","width":500,"height":512,"caption":"Rossana Counseling"},"image":{"@id":"https:\/\/rossanacounseling.com\/#\/schema\/logo\/image\/"}}]}},"uagb_featured_image_src":{"full":false,"thumbnail":false,"medium":false,"medium_large":false,"large":false,"1536x1536":false,"2048x2048":false,"gform-image-choice-sm":false,"gform-image-choice-md":false,"gform-image-choice-lg":false},"uagb_author_info":{"display_name":"Terri Voltz","author_link":"https:\/\/rossanacounseling.com\/pt-br\/author\/terri-voltz\/"},"uagb_comment_info":0,"uagb_excerpt":"Rossana Lorentz Magalh\u00e3es \u00e9 uma Terapeuta Certificada Nacionalmente nos Estados Unidos Rossana formou com um Bacharelado em Psicologia e um [&hellip;]","_links":{"self":[{"href":"https:\/\/rossanacounseling.com\/pt-br\/wp-json\/wp\/v2\/pages\/198","targetHints":{"allow":["GET"]}}],"collection":[{"href":"https:\/\/rossanacounseling.com\/pt-br\/wp-json\/wp\/v2\/pages"}],"about":[{"href":"https:\/\/rossanacounseling.com\/pt-br\/wp-json\/wp\/v2\/types\/page"}],"author":[{"embeddable":true,"href":"https:\/\/rossanacounseling.com\/pt-br\/wp-json\/wp\/v2\/users\/1"}],"replies":[{"embeddable":true,"href":"https:\/\/rossanacounseling.com\/pt-br\/wp-json\/wp\/v2\/comments?post=198"}],"version-history":[{"count":0,"href":"https:\/\/rossanacounseling.com\/pt-br\/wp-json\/wp\/v2\/pages\/198\/revisions"}],"wp:attachment":[{"href":"https:\/\/rossanacounseling.com\/pt-br\/wp-json\/wp\/v2\/media?parent=198"}],"curies":[{"name":"wp","href":"https:\/\/api.w.org\/{rel}","templated":true}]}}