{"id":200,"date":"2016-07-27T23:37:38","date_gmt":"2016-07-27T23:37:38","guid":{"rendered":"https:\/\/rossanacounseling.com\/?page_id=200&#038;lang=pt-br"},"modified":"2016-09-13T20:45:56","modified_gmt":"2016-09-13T20:45:56","slug":"blog","status":"publish","type":"page","link":"https:\/\/rossanacounseling.com\/pt-br\/blog\/","title":{"rendered":"Blog"},"content":{"rendered":"","protected":false},"excerpt":{"rendered":"","protected":false},"author":1,"featured_media":0,"parent":0,"menu_order":0,"comment_status":"closed","ping_status":"closed","template":"","meta":{"_uag_custom_page_level_css":"","site-sidebar-layout":"default","site-content-layout":"","ast-site-content-layout":"default","site-content-style":"default","site-sidebar-style":"default","ast-global-header-display":"","ast-banner-title-visibility":"","ast-main-header-display":"","ast-hfb-above-header-display":"","ast-hfb-below-header-display":"","ast-hfb-mobile-header-display":"","site-post-title":"","ast-breadcrumbs-content":"","ast-featured-img":"","footer-sml-layout":"","ast-disable-related-posts":"","theme-transparent-header-meta":"","adv-header-id-meta":"","stick-header-meta":"","header-above-stick-meta":"","header-main-stick-meta":"","header-below-stick-meta":"","astra-migrate-meta-layouts":"default","ast-page-background-enabled":"default","ast-page-background-meta":{"desktop":{"background-color":"var(--ast-global-color-4)","background-image":"","background-repeat":"repeat","background-position":"center center","background-size":"auto","background-attachment":"scroll","background-type":"","background-media":"","overlay-type":"","overlay-color":"","overlay-opacity":"","overlay-gradient":""},"tablet":{"background-color":"","background-image":"","background-repeat":"repeat","background-position":"center center","background-size":"auto","background-attachment":"scroll","background-type":"","background-media":"","overlay-type":"","overlay-color":"","overlay-opacity":"","overlay-gradient":""},"mobile":{"background-color":"","background-image":"","background-repeat":"repeat","background-position":"center center","background-size":"auto","background-attachment":"scroll","background-type":"","background-media":"","overlay-type":"","overlay-color":"","overlay-opacity":"","overlay-gradient":""}},"ast-content-background-meta":{"desktop":{"background-color":"var(--ast-global-color-5)","background-image":"","background-repeat":"repeat","background-position":"center center","background-size":"auto","background-attachment":"scroll","background-type":"","background-media":"","overlay-type":"","overlay-color":"","overlay-opacity":"","overlay-gradient":""},"tablet":{"background-color":"var(--ast-global-color-5)","background-image":"","background-repeat":"repeat","background-position":"center center","background-size":"auto","background-attachment":"scroll","background-type":"","background-media":"","overlay-type":"","overlay-color":"","overlay-opacity":"","overlay-gradient":""},"mobile":{"background-color":"var(--ast-global-color-5)","background-image":"","background-repeat":"repeat","background-position":"center center","background-size":"auto","background-attachment":"scroll","background-type":"","background-media":"","overlay-type":"","overlay-color":"","overlay-opacity":"","overlay-gradient":""}},"footnotes":""},"class_list":["post-200","page","type-page","status-publish","hentry"],"yoast_head":"<!-- This site is optimized with the Yoast SEO plugin v27.3 - https:\/\/yoast.com\/product\/yoast-seo-wordpress\/ -->\n<title>Blog - Rossana Counseling<\/title>\n<meta name=\"description\" content=\"Rossana Magalh\u00e3es escreve sobre aconselhamento familiar, redu\u00e7\u00e3o do estresse e interven\u00e7\u00f5es mindfulness, as quest\u00f5es de casais e muito mais.\" \/>\n<meta name=\"robots\" content=\"index, follow, max-snippet:-1, max-image-preview:large, max-video-preview:-1\" \/>\n<link rel=\"canonical\" href=\"https:\/\/rossanacounseling.com\/pt-br\/blog\/\" \/>\n<meta property=\"og:locale\" content=\"pt_BR\" \/>\n<meta property=\"og:type\" content=\"article\" \/>\n<meta property=\"og:title\" content=\"Blog - Rossana Counseling\" \/>\n<meta property=\"og:description\" content=\"Rossana Magalh\u00e3es escreve sobre aconselhamento familiar, redu\u00e7\u00e3o do estresse e interven\u00e7\u00f5es mindfulness, as quest\u00f5es de casais e muito mais.\" \/>\n<meta property=\"og:url\" content=\"https:\/\/rossanacounseling.com\/pt-br\/blog\/\" \/>\n<meta property=\"og:site_name\" content=\"Rossana Counseling\" \/>\n<meta property=\"article:modified_time\" content=\"2016-09-13T20:45:56+00:00\" \/>\n<meta name=\"twitter:card\" content=\"summary_large_image\" \/>\n<script type=\"application\/ld+json\" class=\"yoast-schema-graph\">{\"@context\":\"https:\\\/\\\/schema.org\",\"@graph\":[{\"@type\":\"WebPage\",\"@id\":\"https:\\\/\\\/rossanacounseling.com\\\/pt-br\\\/blog\\\/\",\"url\":\"https:\\\/\\\/rossanacounseling.com\\\/pt-br\\\/blog\\\/\",\"name\":\"Blog - Rossana Counseling\",\"isPartOf\":{\"@id\":\"https:\\\/\\\/rossanacounseling.com\\\/#website\"},\"datePublished\":\"2016-07-27T23:37:38+00:00\",\"dateModified\":\"2016-09-13T20:45:56+00:00\",\"description\":\"Rossana Magalh\u00e3es escreve sobre aconselhamento familiar, redu\u00e7\u00e3o do estresse e interven\u00e7\u00f5es mindfulness, as quest\u00f5es de casais e muito mais.\",\"breadcrumb\":{\"@id\":\"https:\\\/\\\/rossanacounseling.com\\\/pt-br\\\/blog\\\/#breadcrumb\"},\"inLanguage\":\"pt-BR\",\"potentialAction\":[{\"@type\":\"ReadAction\",\"target\":[\"https:\\\/\\\/rossanacounseling.com\\\/pt-br\\\/blog\\\/\"]}]},{\"@type\":\"BreadcrumbList\",\"@id\":\"https:\\\/\\\/rossanacounseling.com\\\/pt-br\\\/blog\\\/#breadcrumb\",\"itemListElement\":[{\"@type\":\"ListItem\",\"position\":1,\"name\":\"Home\",\"item\":\"https:\\\/\\\/rossanacounseling.com\\\/\"},{\"@type\":\"ListItem\",\"position\":2,\"name\":\"Blog\"}]},{\"@type\":\"WebSite\",\"@id\":\"https:\\\/\\\/rossanacounseling.com\\\/#website\",\"url\":\"https:\\\/\\\/rossanacounseling.com\\\/\",\"name\":\"Rossana Counseling\",\"description\":\"Couples and Family Counseling\",\"publisher\":{\"@id\":\"https:\\\/\\\/rossanacounseling.com\\\/#organization\"},\"potentialAction\":[{\"@type\":\"SearchAction\",\"target\":{\"@type\":\"EntryPoint\",\"urlTemplate\":\"https:\\\/\\\/rossanacounseling.com\\\/?s={search_term_string}\"},\"query-input\":{\"@type\":\"PropertyValueSpecification\",\"valueRequired\":true,\"valueName\":\"search_term_string\"}}],\"inLanguage\":\"pt-BR\"},{\"@type\":\"Organization\",\"@id\":\"https:\\\/\\\/rossanacounseling.com\\\/#organization\",\"name\":\"Rossana Counseling\",\"url\":\"https:\\\/\\\/rossanacounseling.com\\\/\",\"logo\":{\"@type\":\"ImageObject\",\"inLanguage\":\"pt-BR\",\"@id\":\"https:\\\/\\\/rossanacounseling.com\\\/#\\\/schema\\\/logo\\\/image\\\/\",\"url\":\"https:\\\/\\\/rossanacounseling.com\\\/wp-content\\\/uploads\\\/2016\\\/07\\\/cropped-rossana-counseling-logo-512--e1502225123991.png\",\"contentUrl\":\"https:\\\/\\\/rossanacounseling.com\\\/wp-content\\\/uploads\\\/2016\\\/07\\\/cropped-rossana-counseling-logo-512--e1502225123991.png\",\"width\":500,\"height\":512,\"caption\":\"Rossana Counseling\"},\"image\":{\"@id\":\"https:\\\/\\\/rossanacounseling.com\\\/#\\\/schema\\\/logo\\\/image\\\/\"}}]}<\/script>\n<!-- \/ Yoast SEO plugin. -->","yoast_head_json":{"title":"Blog - Rossana Counseling","description":"Rossana Magalh\u00e3es escreve sobre aconselhamento familiar, redu\u00e7\u00e3o do estresse e interven\u00e7\u00f5es mindfulness, as quest\u00f5es de casais e muito mais.","robots":{"index":"index","follow":"follow","max-snippet":"max-snippet:-1","max-image-preview":"max-image-preview:large","max-video-preview":"max-video-preview:-1"},"canonical":"https:\/\/rossanacounseling.com\/pt-br\/blog\/","og_locale":"pt_BR","og_type":"article","og_title":"Blog - Rossana Counseling","og_description":"Rossana Magalh\u00e3es escreve sobre aconselhamento familiar, redu\u00e7\u00e3o do estresse e interven\u00e7\u00f5es mindfulness, as quest\u00f5es de casais e muito mais.","og_url":"https:\/\/rossanacounseling.com\/pt-br\/blog\/","og_site_name":"Rossana Counseling","article_modified_time":"2016-09-13T20:45:56+00:00","twitter_card":"summary_large_image","schema":{"@context":"https:\/\/schema.org","@graph":[{"@type":"WebPage","@id":"https:\/\/rossanacounseling.com\/pt-br\/blog\/","url":"https:\/\/rossanacounseling.com\/pt-br\/blog\/","name":"Blog - Rossana Counseling","isPartOf":{"@id":"https:\/\/rossanacounseling.com\/#website"},"datePublished":"2016-07-27T23:37:38+00:00","dateModified":"2016-09-13T20:45:56+00:00","description":"Rossana Magalh\u00e3es escreve sobre aconselhamento familiar, redu\u00e7\u00e3o do estresse e interven\u00e7\u00f5es mindfulness, as quest\u00f5es de casais e muito mais.","breadcrumb":{"@id":"https:\/\/rossanacounseling.com\/pt-br\/blog\/#breadcrumb"},"inLanguage":"pt-BR","potentialAction":[{"@type":"ReadAction","target":["https:\/\/rossanacounseling.com\/pt-br\/blog\/"]}]},{"@type":"BreadcrumbList","@id":"https:\/\/rossanacounseling.com\/pt-br\/blog\/#breadcrumb","itemListElement":[{"@type":"ListItem","position":1,"name":"Home","item":"https:\/\/rossanacounseling.com\/"},{"@type":"ListItem","position":2,"name":"Blog"}]},{"@type":"WebSite","@id":"https:\/\/rossanacounseling.com\/#website","url":"https:\/\/rossanacounseling.com\/","name":"Rossana Counseling","description":"Couples and Family Counseling","publisher":{"@id":"https:\/\/rossanacounseling.com\/#organization"},"potentialAction":[{"@type":"SearchAction","target":{"@type":"EntryPoint","urlTemplate":"https:\/\/rossanacounseling.com\/?s={search_term_string}"},"query-input":{"@type":"PropertyValueSpecification","valueRequired":true,"valueName":"search_term_string"}}],"inLanguage":"pt-BR"},{"@type":"Organization","@id":"https:\/\/rossanacounseling.com\/#organization","name":"Rossana Counseling","url":"https:\/\/rossanacounseling.com\/","logo":{"@type":"ImageObject","inLanguage":"pt-BR","@id":"https:\/\/rossanacounseling.com\/#\/schema\/logo\/image\/","url":"https:\/\/rossanacounseling.com\/wp-content\/uploads\/2016\/07\/cropped-rossana-counseling-logo-512--e1502225123991.png","contentUrl":"https:\/\/rossanacounseling.com\/wp-content\/uploads\/2016\/07\/cropped-rossana-counseling-logo-512--e1502225123991.png","width":500,"height":512,"caption":"Rossana Counseling"},"image":{"@id":"https:\/\/rossanacounseling.com\/#\/schema\/logo\/image\/"}}]}},"uagb_featured_image_src":{"full":false,"thumbnail":false,"medium":false,"medium_large":false,"large":false,"1536x1536":false,"2048x2048":false,"gform-image-choice-sm":false,"gform-image-choice-md":false,"gform-image-choice-lg":false},"uagb_author_info":{"display_name":"Terri Voltz","author_link":"https:\/\/rossanacounseling.com\/pt-br\/author\/terri-voltz\/"},"uagb_comment_info":0,"uagb_excerpt":null,"_links":{"self":[{"href":"https:\/\/rossanacounseling.com\/pt-br\/wp-json\/wp\/v2\/pages\/200","targetHints":{"allow":["GET"]}}],"collection":[{"href":"https:\/\/rossanacounseling.com\/pt-br\/wp-json\/wp\/v2\/pages"}],"about":[{"href":"https:\/\/rossanacounseling.com\/pt-br\/wp-json\/wp\/v2\/types\/page"}],"author":[{"embeddable":true,"href":"https:\/\/rossanacounseling.com\/pt-br\/wp-json\/wp\/v2\/users\/1"}],"replies":[{"embeddable":true,"href":"https:\/\/rossanacounseling.com\/pt-br\/wp-json\/wp\/v2\/comments?post=200"}],"version-history":[{"count":0,"href":"https:\/\/rossanacounseling.com\/pt-br\/wp-json\/wp\/v2\/pages\/200\/revisions"}],"wp:attachment":[{"href":"https:\/\/rossanacounseling.com\/pt-br\/wp-json\/wp\/v2\/media?parent=200"}],"curies":[{"name":"wp","href":"https:\/\/api.w.org\/{rel}","templated":true}]}}