{"id":203,"date":"2016-07-27T23:52:39","date_gmt":"2016-07-27T23:52:39","guid":{"rendered":"https:\/\/rossanacounseling.com\/?page_id=203&#038;lang=pt-br"},"modified":"2018-07-18T16:50:18","modified_gmt":"2018-07-18T20:50:18","slug":"servicos-de-aconselhamento","status":"publish","type":"page","link":"https:\/\/rossanacounseling.com\/pt-br\/servicos-de-aconselhamento\/","title":{"rendered":"Servi\u00e7os de Terapia"},"content":{"rendered":"<h2><span class=\"notranslate\">A minha abordagem \u00e0 terapia, ou com indiv\u00edduos, casais, fam\u00edlias, adolescentes ou crian\u00e7as, \u00e9 facilitar a viagem do cliente para encontrar recursos e habilidades para aumentar a consci\u00eancia de si mesmos.<\/span><\/h2>\n<p><img loading=\"lazy\" decoding=\"async\" class=\"aligncenter wp-image-244 size-full\" src=\"https:\/\/rossanacounseling.com\/wp-content\/uploads\/2016\/01\/young-couple-kissing-600x541.jpg\" alt=\"Young couple kissing\" width=\"600\" height=\"541\" srcset=\"https:\/\/rossanacounseling.com\/wp-content\/uploads\/2016\/01\/young-couple-kissing-600x541.jpg 600w, https:\/\/rossanacounseling.com\/wp-content\/uploads\/2016\/01\/young-couple-kissing-600x541-300x271.jpg 300w\" sizes=\"auto, (max-width: 600px) 100vw, 600px\" \/><\/p>\n<h3><span class=\"notranslate\">Rossana Aconselhamento oferece individuais, casais, grupos e aconselhamento familiar em Ingl\u00eas e Portugu\u00eas para as seguintes preocupa\u00e7\u00f5es e muito mais:<\/span><\/h3>\n<ul>\n<li><span class=\"notranslate\">insucesso acad\u00e9mico<\/span><\/li>\n<li><span class=\"notranslate\">V\u00edcio<\/span><\/li>\n<li><span class=\"notranslate\">ado\u00e7\u00e3o<\/span><\/li>\n<li><span class=\"notranslate\">Controle de raiva<\/span><\/li>\n<li><span class=\"notranslate\">Bullying &#8211; bullying escolar, ass\u00e9dio moral, ass\u00e9dio virtual<\/span><\/li>\n<li><span class=\"notranslate\">Crian\u00e7a ou adolescente<\/span><\/li>\n<li><span class=\"notranslate\">Dor cr\u00f4nica<\/span><\/li>\n<li><span class=\"notranslate\">habilidades de enfrentamento<\/span><\/li>\n<li><span class=\"notranslate\">Aconselhamento de casais (ver www.iceeft.com)<\/span><\/li>\n<li><span class=\"notranslate\">Depress\u00e3o<\/span><\/li>\n<li><span class=\"notranslate\">Div\u00f3rcio<\/span><\/li>\n<li><span class=\"notranslate\">Abuso dom\u00e9stico<\/span><\/li>\n<li><span class=\"notranslate\">Viol\u00eancia dom\u00e9stica<\/span><\/li>\n<li><span class=\"notranslate\">afli\u00e7\u00e3o<\/span><\/li>\n<li><span class=\"notranslate\">Infertilidade<\/span><\/li>\n<li><span class=\"notranslate\">V\u00edcio em internet<\/span><\/li>\n<li><span class=\"notranslate\">Parenting<\/span><\/li>\n<li><span class=\"notranslate\">Os relacionamentos do par<\/span><\/li>\n<li><span class=\"notranslate\">Quest\u00f5es de relacionamento<\/span><\/li>\n<li><span class=\"notranslate\">Auto estima<\/span><\/li>\n<li><span class=\"notranslate\">Abuso sexual<\/span><\/li>\n<li><span class=\"notranslate\">Espiritualidade<\/span><\/li>\n<li><span class=\"notranslate\">Abuso de subst\u00e2ncias<\/span><\/li>\n<li><span class=\"notranslate\">Viol\u00eancia adolescente<\/span><\/li>\n<li><span class=\"notranslate\">Trauma e PTSD<\/span><\/li>\n<li><span class=\"notranslate\">Video Game Addiction<\/span><\/li>\n<\/ul>\n<h3><span class=\"notranslate\"><img loading=\"lazy\" decoding=\"async\" class=\"size-medium wp-image-225 alignright\" src=\"https:\/\/rossanacounseling.com\/wp-content\/uploads\/2016\/05\/anxiety-African-American-female-383x400-287x300.jpg\" alt=\"Stressed Woman\" width=\"287\" height=\"300\" srcset=\"https:\/\/rossanacounseling.com\/wp-content\/uploads\/2016\/05\/anxiety-African-American-female-383x400-287x300.jpg 287w, https:\/\/rossanacounseling.com\/wp-content\/uploads\/2016\/05\/anxiety-African-American-female-383x400.jpg 383w\" sizes=\"auto, (max-width: 287px) 100vw, 287px\" \/>Aconselhamento Rossana Dist\u00e2ncia<\/span><\/h3>\n<h4><span class=\"notranslate\">Aconselhamento dist\u00e2ncia pode ser uma boa escolha para voc\u00ea se:<\/span><\/h4>\n<ul>\n<li><span class=\"notranslate\">Voc\u00ea est\u00e1 ocupado demais para entrar para uma sess\u00e3o.<\/span><\/li>\n<li><span class=\"notranslate\">Voc\u00ea tem uma programa\u00e7\u00e3o irregular.<\/span><\/li>\n<li><span class=\"notranslate\">Voc\u00ea est\u00e1 fora da cidade com frequ\u00eancia.<\/span><\/li>\n<li><span class=\"notranslate\">Voc\u00ea se sente mais confort\u00e1vel ter aconselhamento na privacidade da sua casa ou escrit\u00f3rio.<\/span><\/li>\n<li><span class=\"notranslate\">Voc\u00ea vive fora dos Estados Unidos.<\/span><\/li>\n<\/ul>\n<p><span class=\"notranslate\">Obter o apoio que est\u00e3o procurando quando e como voc\u00ea est\u00e3o dispon\u00edveis atrav\u00e9s de uma sess\u00e3o de aconselhamento dist\u00e2ncia com Rossana.<\/span><\/p>\n<p><span class=\"notranslate\">\u00c9 acess\u00edvel e conveniente.<\/span> <span class=\"notranslate\">E embora ele se sente um pouco diferente do que uma sess\u00e3o &#8220;em pessoa&#8221;, muitos acham que \u00e9 para ser apenas o que eles est\u00e3o procurando para apoiar a sua sa\u00fade e bem-estar.<\/span><\/p>\n<h4><span class=\"notranslate\">Rossana oferece Dist\u00e2ncia Aconselhamento e Treinamento da Consci\u00eancia pelo Skype, Facetime, telefone ou e-mail.<\/span><\/h4>\n<h3><span class=\"notranslate\">Para agendar uma chamada de nomea\u00e7\u00e3o ou texto 336-422-7679<\/span><\/h3>\n<p><span class=\"notranslate\"><em>Aconselhamento Oferecido em Ingl\u00eas e Portugu\u00eas<\/em><\/span><\/p>\n","protected":false},"excerpt":{"rendered":"<p>A minha abordagem \u00e0 terapia, ou com indiv\u00edduos, casais, fam\u00edlias, adolescentes ou crian\u00e7as, \u00e9 facilitar a viagem do cliente para [&hellip;]<\/p>\n","protected":false},"author":1,"featured_media":729,"parent":0,"menu_order":0,"comment_status":"closed","ping_status":"closed","template":"","meta":{"_uag_custom_page_level_css":"","site-sidebar-layout":"default","site-content-layout":"","ast-site-content-layout":"default","site-content-style":"unboxed","site-sidebar-style":"default","ast-global-header-display":"","ast-banner-title-visibility":"","ast-main-header-display":"","ast-hfb-above-header-display":"","ast-hfb-below-header-display":"","ast-hfb-mobile-header-display":"","site-post-title":"","ast-breadcrumbs-content":"","ast-featured-img":"disabled","footer-sml-layout":"","ast-disable-related-posts":"","theme-transparent-header-meta":"","adv-header-id-meta":"","stick-header-meta":"","header-above-stick-meta":"","header-main-stick-meta":"","header-below-stick-meta":"","astra-migrate-meta-layouts":"default","ast-page-background-enabled":"default","ast-page-background-meta":{"desktop":{"background-color":"var(--ast-global-color-4)","background-image":"","background-repeat":"repeat","background-position":"center center","background-size":"auto","background-attachment":"scroll","background-type":"","background-media":"","overlay-type":"","overlay-color":"","overlay-opacity":"","overlay-gradient":""},"tablet":{"background-color":"","background-image":"","background-repeat":"repeat","background-position":"center center","background-size":"auto","background-attachment":"scroll","background-type":"","background-media":"","overlay-type":"","overlay-color":"","overlay-opacity":"","overlay-gradient":""},"mobile":{"background-color":"","background-image":"","background-repeat":"repeat","background-position":"center center","background-size":"auto","background-attachment":"scroll","background-type":"","background-media":"","overlay-type":"","overlay-color":"","overlay-opacity":"","overlay-gradient":""}},"ast-content-background-meta":{"desktop":{"background-color":"var(--ast-global-color-5)","background-image":"","background-repeat":"repeat","background-position":"center center","background-size":"auto","background-attachment":"scroll","background-type":"","background-media":"","overlay-type":"","overlay-color":"","overlay-opacity":"","overlay-gradient":""},"tablet":{"background-color":"var(--ast-global-color-5)","background-image":"","background-repeat":"repeat","background-position":"center center","background-size":"auto","background-attachment":"scroll","background-type":"","background-media":"","overlay-type":"","overlay-color":"","overlay-opacity":"","overlay-gradient":""},"mobile":{"background-color":"var(--ast-global-color-5)","background-image":"","background-repeat":"repeat","background-position":"center center","background-size":"auto","background-attachment":"scroll","background-type":"","background-media":"","overlay-type":"","overlay-color":"","overlay-opacity":"","overlay-gradient":""}},"footnotes":""},"class_list":["post-203","page","type-page","status-publish","has-post-thumbnail","hentry"],"yoast_head":"<!-- This site is optimized with the Yoast SEO plugin v27.3 - https:\/\/yoast.com\/product\/yoast-seo-wordpress\/ -->\n<title>Servi\u00e7os de Terapia - Rossana Counseling<\/title>\n<meta name=\"robots\" content=\"index, follow, max-snippet:-1, max-image-preview:large, max-video-preview:-1\" \/>\n<link rel=\"canonical\" href=\"https:\/\/rossanacounseling.com\/pt-br\/servicos-de-aconselhamento\/\" \/>\n<meta property=\"og:locale\" content=\"pt_BR\" \/>\n<meta property=\"og:type\" content=\"article\" \/>\n<meta property=\"og:title\" content=\"Servi\u00e7os de Terapia - Rossana Counseling\" \/>\n<meta property=\"og:description\" content=\"A minha abordagem \u00e0 terapia, ou com indiv\u00edduos, casais, fam\u00edlias, adolescentes ou crian\u00e7as, \u00e9 facilitar a viagem do cliente para [&hellip;]\" \/>\n<meta property=\"og:url\" content=\"https:\/\/rossanacounseling.com\/pt-br\/servicos-de-aconselhamento\/\" \/>\n<meta property=\"og:site_name\" content=\"Rossana Counseling\" \/>\n<meta property=\"article:modified_time\" content=\"2018-07-18T20:50:18+00:00\" \/>\n<meta property=\"og:image\" content=\"https:\/\/rossanacounseling.com\/wp-content\/uploads\/2016\/09\/rossana-counseling-diverse-clientele-750x475-3.jpg\" \/>\n\t<meta property=\"og:image:width\" content=\"750\" \/>\n\t<meta property=\"og:image:height\" content=\"475\" \/>\n\t<meta property=\"og:image:type\" content=\"image\/jpeg\" \/>\n<meta name=\"twitter:card\" content=\"summary_large_image\" \/>\n<meta name=\"twitter:label1\" content=\"Est. tempo de leitura\" \/>\n\t<meta name=\"twitter:data1\" content=\"2 minutos\" \/>\n<script type=\"application\/ld+json\" class=\"yoast-schema-graph\">{\"@context\":\"https:\\\/\\\/schema.org\",\"@graph\":[{\"@type\":\"WebPage\",\"@id\":\"https:\\\/\\\/rossanacounseling.com\\\/pt-br\\\/servicos-de-aconselhamento\\\/\",\"url\":\"https:\\\/\\\/rossanacounseling.com\\\/pt-br\\\/servicos-de-aconselhamento\\\/\",\"name\":\"Servi\u00e7os de Terapia - Rossana Counseling\",\"isPartOf\":{\"@id\":\"https:\\\/\\\/rossanacounseling.com\\\/#website\"},\"primaryImageOfPage\":{\"@id\":\"https:\\\/\\\/rossanacounseling.com\\\/pt-br\\\/servicos-de-aconselhamento\\\/#primaryimage\"},\"image\":{\"@id\":\"https:\\\/\\\/rossanacounseling.com\\\/pt-br\\\/servicos-de-aconselhamento\\\/#primaryimage\"},\"thumbnailUrl\":\"https:\\\/\\\/rossanacounseling.com\\\/wp-content\\\/uploads\\\/2016\\\/09\\\/rossana-counseling-diverse-clientele-750x475-3.jpg\",\"datePublished\":\"2016-07-27T23:52:39+00:00\",\"dateModified\":\"2018-07-18T20:50:18+00:00\",\"breadcrumb\":{\"@id\":\"https:\\\/\\\/rossanacounseling.com\\\/pt-br\\\/servicos-de-aconselhamento\\\/#breadcrumb\"},\"inLanguage\":\"pt-BR\",\"potentialAction\":[{\"@type\":\"ReadAction\",\"target\":[\"https:\\\/\\\/rossanacounseling.com\\\/pt-br\\\/servicos-de-aconselhamento\\\/\"]}]},{\"@type\":\"ImageObject\",\"inLanguage\":\"pt-BR\",\"@id\":\"https:\\\/\\\/rossanacounseling.com\\\/pt-br\\\/servicos-de-aconselhamento\\\/#primaryimage\",\"url\":\"https:\\\/\\\/rossanacounseling.com\\\/wp-content\\\/uploads\\\/2016\\\/09\\\/rossana-counseling-diverse-clientele-750x475-3.jpg\",\"contentUrl\":\"https:\\\/\\\/rossanacounseling.com\\\/wp-content\\\/uploads\\\/2016\\\/09\\\/rossana-counseling-diverse-clientele-750x475-3.jpg\",\"width\":750,\"height\":475,\"caption\":\"Rossana counseling collage\"},{\"@type\":\"BreadcrumbList\",\"@id\":\"https:\\\/\\\/rossanacounseling.com\\\/pt-br\\\/servicos-de-aconselhamento\\\/#breadcrumb\",\"itemListElement\":[{\"@type\":\"ListItem\",\"position\":1,\"name\":\"Home\",\"item\":\"https:\\\/\\\/rossanacounseling.com\\\/\"},{\"@type\":\"ListItem\",\"position\":2,\"name\":\"Servi\u00e7os de Terapia\"}]},{\"@type\":\"WebSite\",\"@id\":\"https:\\\/\\\/rossanacounseling.com\\\/#website\",\"url\":\"https:\\\/\\\/rossanacounseling.com\\\/\",\"name\":\"Rossana Counseling\",\"description\":\"Couples and Family Counseling\",\"publisher\":{\"@id\":\"https:\\\/\\\/rossanacounseling.com\\\/#organization\"},\"potentialAction\":[{\"@type\":\"SearchAction\",\"target\":{\"@type\":\"EntryPoint\",\"urlTemplate\":\"https:\\\/\\\/rossanacounseling.com\\\/?s={search_term_string}\"},\"query-input\":{\"@type\":\"PropertyValueSpecification\",\"valueRequired\":true,\"valueName\":\"search_term_string\"}}],\"inLanguage\":\"pt-BR\"},{\"@type\":\"Organization\",\"@id\":\"https:\\\/\\\/rossanacounseling.com\\\/#organization\",\"name\":\"Rossana Counseling\",\"url\":\"https:\\\/\\\/rossanacounseling.com\\\/\",\"logo\":{\"@type\":\"ImageObject\",\"inLanguage\":\"pt-BR\",\"@id\":\"https:\\\/\\\/rossanacounseling.com\\\/#\\\/schema\\\/logo\\\/image\\\/\",\"url\":\"https:\\\/\\\/rossanacounseling.com\\\/wp-content\\\/uploads\\\/2016\\\/07\\\/cropped-rossana-counseling-logo-512--e1502225123991.png\",\"contentUrl\":\"https:\\\/\\\/rossanacounseling.com\\\/wp-content\\\/uploads\\\/2016\\\/07\\\/cropped-rossana-counseling-logo-512--e1502225123991.png\",\"width\":500,\"height\":512,\"caption\":\"Rossana Counseling\"},\"image\":{\"@id\":\"https:\\\/\\\/rossanacounseling.com\\\/#\\\/schema\\\/logo\\\/image\\\/\"}}]}<\/script>\n<!-- \/ Yoast SEO plugin. -->","yoast_head_json":{"title":"Servi\u00e7os de Terapia - Rossana Counseling","robots":{"index":"index","follow":"follow","max-snippet":"max-snippet:-1","max-image-preview":"max-image-preview:large","max-video-preview":"max-video-preview:-1"},"canonical":"https:\/\/rossanacounseling.com\/pt-br\/servicos-de-aconselhamento\/","og_locale":"pt_BR","og_type":"article","og_title":"Servi\u00e7os de Terapia - Rossana Counseling","og_description":"A minha abordagem \u00e0 terapia, ou com indiv\u00edduos, casais, fam\u00edlias, adolescentes ou crian\u00e7as, \u00e9 facilitar a viagem do cliente para [&hellip;]","og_url":"https:\/\/rossanacounseling.com\/pt-br\/servicos-de-aconselhamento\/","og_site_name":"Rossana Counseling","article_modified_time":"2018-07-18T20:50:18+00:00","og_image":[{"width":750,"height":475,"url":"https:\/\/rossanacounseling.com\/wp-content\/uploads\/2016\/09\/rossana-counseling-diverse-clientele-750x475-3.jpg","type":"image\/jpeg"}],"twitter_card":"summary_large_image","twitter_misc":{"Est. tempo de leitura":"2 minutos"},"schema":{"@context":"https:\/\/schema.org","@graph":[{"@type":"WebPage","@id":"https:\/\/rossanacounseling.com\/pt-br\/servicos-de-aconselhamento\/","url":"https:\/\/rossanacounseling.com\/pt-br\/servicos-de-aconselhamento\/","name":"Servi\u00e7os de Terapia - Rossana Counseling","isPartOf":{"@id":"https:\/\/rossanacounseling.com\/#website"},"primaryImageOfPage":{"@id":"https:\/\/rossanacounseling.com\/pt-br\/servicos-de-aconselhamento\/#primaryimage"},"image":{"@id":"https:\/\/rossanacounseling.com\/pt-br\/servicos-de-aconselhamento\/#primaryimage"},"thumbnailUrl":"https:\/\/rossanacounseling.com\/wp-content\/uploads\/2016\/09\/rossana-counseling-diverse-clientele-750x475-3.jpg","datePublished":"2016-07-27T23:52:39+00:00","dateModified":"2018-07-18T20:50:18+00:00","breadcrumb":{"@id":"https:\/\/rossanacounseling.com\/pt-br\/servicos-de-aconselhamento\/#breadcrumb"},"inLanguage":"pt-BR","potentialAction":[{"@type":"ReadAction","target":["https:\/\/rossanacounseling.com\/pt-br\/servicos-de-aconselhamento\/"]}]},{"@type":"ImageObject","inLanguage":"pt-BR","@id":"https:\/\/rossanacounseling.com\/pt-br\/servicos-de-aconselhamento\/#primaryimage","url":"https:\/\/rossanacounseling.com\/wp-content\/uploads\/2016\/09\/rossana-counseling-diverse-clientele-750x475-3.jpg","contentUrl":"https:\/\/rossanacounseling.com\/wp-content\/uploads\/2016\/09\/rossana-counseling-diverse-clientele-750x475-3.jpg","width":750,"height":475,"caption":"Rossana counseling collage"},{"@type":"BreadcrumbList","@id":"https:\/\/rossanacounseling.com\/pt-br\/servicos-de-aconselhamento\/#breadcrumb","itemListElement":[{"@type":"ListItem","position":1,"name":"Home","item":"https:\/\/rossanacounseling.com\/"},{"@type":"ListItem","position":2,"name":"Servi\u00e7os de Terapia"}]},{"@type":"WebSite","@id":"https:\/\/rossanacounseling.com\/#website","url":"https:\/\/rossanacounseling.com\/","name":"Rossana Counseling","description":"Couples and Family Counseling","publisher":{"@id":"https:\/\/rossanacounseling.com\/#organization"},"potentialAction":[{"@type":"SearchAction","target":{"@type":"EntryPoint","urlTemplate":"https:\/\/rossanacounseling.com\/?s={search_term_string}"},"query-input":{"@type":"PropertyValueSpecification","valueRequired":true,"valueName":"search_term_string"}}],"inLanguage":"pt-BR"},{"@type":"Organization","@id":"https:\/\/rossanacounseling.com\/#organization","name":"Rossana Counseling","url":"https:\/\/rossanacounseling.com\/","logo":{"@type":"ImageObject","inLanguage":"pt-BR","@id":"https:\/\/rossanacounseling.com\/#\/schema\/logo\/image\/","url":"https:\/\/rossanacounseling.com\/wp-content\/uploads\/2016\/07\/cropped-rossana-counseling-logo-512--e1502225123991.png","contentUrl":"https:\/\/rossanacounseling.com\/wp-content\/uploads\/2016\/07\/cropped-rossana-counseling-logo-512--e1502225123991.png","width":500,"height":512,"caption":"Rossana Counseling"},"image":{"@id":"https:\/\/rossanacounseling.com\/#\/schema\/logo\/image\/"}}]}},"uagb_featured_image_src":{"full":["https:\/\/rossanacounseling.com\/wp-content\/uploads\/2016\/09\/rossana-counseling-diverse-clientele-750x475-3.jpg",750,475,false],"thumbnail":["https:\/\/rossanacounseling.com\/wp-content\/uploads\/2016\/09\/rossana-counseling-diverse-clientele-750x475-3-150x150.jpg",150,150,true],"medium":["https:\/\/rossanacounseling.com\/wp-content\/uploads\/2016\/09\/rossana-counseling-diverse-clientele-750x475-3-300x190.jpg",300,190,true],"medium_large":["https:\/\/rossanacounseling.com\/wp-content\/uploads\/2016\/09\/rossana-counseling-diverse-clientele-750x475-3.jpg",750,475,false],"large":["https:\/\/rossanacounseling.com\/wp-content\/uploads\/2016\/09\/rossana-counseling-diverse-clientele-750x475-3.jpg",750,475,false],"1536x1536":["https:\/\/rossanacounseling.com\/wp-content\/uploads\/2016\/09\/rossana-counseling-diverse-clientele-750x475-3.jpg",750,475,false],"2048x2048":["https:\/\/rossanacounseling.com\/wp-content\/uploads\/2016\/09\/rossana-counseling-diverse-clientele-750x475-3.jpg",750,475,false],"gform-image-choice-sm":["https:\/\/rossanacounseling.com\/wp-content\/uploads\/2016\/09\/rossana-counseling-diverse-clientele-750x475-3.jpg",300,190,false],"gform-image-choice-md":["https:\/\/rossanacounseling.com\/wp-content\/uploads\/2016\/09\/rossana-counseling-diverse-clientele-750x475-3.jpg",400,253,false],"gform-image-choice-lg":["https:\/\/rossanacounseling.com\/wp-content\/uploads\/2016\/09\/rossana-counseling-diverse-clientele-750x475-3.jpg",600,380,false]},"uagb_author_info":{"display_name":"Terri Voltz","author_link":"https:\/\/rossanacounseling.com\/pt-br\/author\/terri-voltz\/"},"uagb_comment_info":0,"uagb_excerpt":"A minha abordagem \u00e0 terapia, ou com indiv\u00edduos, casais, fam\u00edlias, adolescentes ou crian\u00e7as, \u00e9 facilitar a viagem do cliente para [&hellip;]","_links":{"self":[{"href":"https:\/\/rossanacounseling.com\/pt-br\/wp-json\/wp\/v2\/pages\/203","targetHints":{"allow":["GET"]}}],"collection":[{"href":"https:\/\/rossanacounseling.com\/pt-br\/wp-json\/wp\/v2\/pages"}],"about":[{"href":"https:\/\/rossanacounseling.com\/pt-br\/wp-json\/wp\/v2\/types\/page"}],"author":[{"embeddable":true,"href":"https:\/\/rossanacounseling.com\/pt-br\/wp-json\/wp\/v2\/users\/1"}],"replies":[{"embeddable":true,"href":"https:\/\/rossanacounseling.com\/pt-br\/wp-json\/wp\/v2\/comments?post=203"}],"version-history":[{"count":0,"href":"https:\/\/rossanacounseling.com\/pt-br\/wp-json\/wp\/v2\/pages\/203\/revisions"}],"wp:featuredmedia":[{"embeddable":true,"href":"https:\/\/rossanacounseling.com\/pt-br\/wp-json\/wp\/v2\/media\/729"}],"wp:attachment":[{"href":"https:\/\/rossanacounseling.com\/pt-br\/wp-json\/wp\/v2\/media?parent=203"}],"curies":[{"name":"wp","href":"https:\/\/api.w.org\/{rel}","templated":true}]}}