{"id":292,"date":"2016-05-26T02:45:51","date_gmt":"2016-05-26T02:45:51","guid":{"rendered":"https:\/\/rossanacounseling.com\/pt-br\/servicos-de-aconselhamento\/couples-therapy\/"},"modified":"2018-01-14T17:51:07","modified_gmt":"2018-01-14T22:51:07","slug":"casais-terapia-focada-emocional","status":"publish","type":"page","link":"https:\/\/rossanacounseling.com\/pt-br\/servicos-de-aconselhamento\/casais-terapia-focada-emocional\/","title":{"rendered":"Terapia de Casais  Focada nas Emo\u00e7\u00f5es"},"content":{"rendered":"<h4>Se voc\u00ea j\u00e1 tem um agendamento com Rossana ou se j\u00e1 est\u00e1 seguro que deseja fazer terapia, por favor preencha o formul\u00e1rio clicando <a href=\"https:\/\/rossanacounseling.com\/pt-br\/formulario-para-sessao-inicial-de-terapia-com-rossana\/\" target=\"_blank\" rel=\"noopener\">aqui<\/a>:<\/h4>\n<p>Juntos iremos olhar o seu relacionamento como que usando lentes de aumento. Vamos entender a dan\u00e7a que as emo\u00e7\u00f5es est\u00e3o promovendo entre voc\u00ea e seu parceiro (a). \u00a0Vamos identificar novas formas de dan\u00e7ar para manter seu relacionamento vivo.<\/p>\n<h2>Eu trabalho com casais atrav\u00e9s das lentes da terapia de casais focada nas emo\u00e7\u00f5es, EFT<\/h2>\n<p>EFT come\u00e7ou na d\u00e9cada de 70. A efic\u00e1cia da terapia EFT \u00e9 fundamentada por numerosos estudos cient\u00edficos. A pesquisa mostra que 70-75% dos casais passam da situa\u00e7\u00e3o de afli\u00e7\u00e3o para asitua\u00e7\u00e3o de recupera\u00e7\u00e3o; e a cerca de<strong> 90% mostram melhora significativa.<\/strong> N\u00f3s, como terapeutas, estamos interessados no que est\u00e1 acontecendo entre os parceiros. Olhamos para o processo de intera\u00e7\u00e3o, porque, como casais, n\u00f3s somos como um sistema, no sentido de que o que um parceiro faz impacta e afeta o outro parceiro.<\/p>\n<h3>Terapia de casais:<\/h3>\n<ul>\n<li>Comunica\u00e7\u00e3o \/ Intimidade<\/li>\n<li>Lidar com infertilidade<\/li>\n<li>Div\u00f3rcio<\/li>\n<li>Viol\u00eancia dom\u00e9stica<\/li>\n<li>Dificuldades na gest\u00e3o financeira<\/li>\n<li>Luto<\/li>\n<li>Caso de infidelidade<\/li>\n<li>V\u00edcio da Internet<\/li>\n<li>Falta de la\u00e7os forte<\/li>\n<li>Aconselhamento pr\u00e9-matrimonial<\/li>\n<li>Casais do mesmo sexo<\/li>\n<li>O desejo sexual n\u00e3o balanceado<\/li>\n<li>O v\u00edcio de jogos de videogame<\/li>\n<\/ul>\n<h3><a href=\"https:\/\/www.youtube.com\/watch?v=jwsppMxR56Y\" target=\"_blank\" rel=\"noopener\">Assista Dr Sue Johnson: Altera\u00e7\u00f5es no relacionamento rom\u00e2ntico espec\u00edfico anexo em EFT\u00a0<\/a><\/h3>\n<h5><em>Este v\u00eddeo est\u00e1 dispon\u00edvel somente em ingl\u00eas, por enquanto.<\/em><\/h5>\n<h3><a href=\"https:\/\/www.youtube.com\/watch?v=hiVijMLH2-k\" target=\"_blank\" rel=\"noopener\">Dr. Sue Johnson explicando a nova fronteira do sexo &amp; Intimidade<\/a><\/h3>\n<h5><em>Este v\u00eddeo est\u00e1 dispon\u00edvel somente em ingl\u00eas, por enquanto.<\/em><\/h5>\n<h3>O amor pode durar para sempre atrav\u00e9s dos altos e baixos da vida?<\/h3>\n<p>Terapeuta de casais Dr Sue Johnson explica o que \u00e9 realmente necess\u00e1rio para fazer um relacionamento de trabalho. (Assista ao v\u00eddeo ap\u00f3s o comercial. V\u00eddeo em ingl\u00eas.)<br \/>\n<a href=\"http:\/\/www.mindbodygreen.com\/0-14364\/how-to-make-love-last-in-the-age-of-instant-gratification-dr-sue-johnson.html\" target=\"_blank\" rel=\"noreferrer noopener\">http:\/\/www.mindbodygreen.com\/0-14364\/how-to-make-love-last-in-the-age-of-instant-gratification-dr-sue-johnson.html<\/a><\/p>\n<h4>O que \u00e9 um casamento feliz?<\/h4>\n<p>Voc\u00ea tem uma resposta para esta pergunta? Talvez voc\u00ea esteja em uma posi\u00e7\u00e3o em que voc\u00ea n\u00e3o tem a certeza se um casamento feliz \u00e9 at\u00e9 mesmo poss\u00edvel. Sim, compreendemos que. A terapia focada emocionalmente \u00e9 uma investiga\u00e7\u00e3o de interven\u00e7\u00e3o de base que estabelece o mapa que poderia tomar a sua posi\u00e7\u00e3o em rela\u00e7\u00e3o a um n\u00edvel diferente de intera\u00e7\u00e3o.<\/p>\n<h3>Assista dr. Sue Johnson responder \u00e0 pergunta:<\/h3>\n<h3>O que \u00e9 um casamento saud\u00e1vel?<\/h3>\n<p><iframe loading=\"lazy\" src=\"https:\/\/www.youtube.com\/embed\/1dab34E4ON0?rel=0\" width=\"640\" height=\"360\" frameborder=\"0\" allowfullscreen=\"allowfullscreen\"><\/iframe><\/p>\n<h3>Por favor ligue para 336-422-7679 a qualquer momento &#8211; com qualquer perguntas ou apenas para fazer uma conex\u00e3o.<\/h3>\n<h3 style=\"text-align: center;\">WhatsApp para: 1.336.543.6624 &#8211; Rossana Magalhaes<\/h3>\n","protected":false},"excerpt":{"rendered":"<p>Se voc\u00ea j\u00e1 tem um agendamento com Rossana ou se j\u00e1 est\u00e1 seguro que deseja fazer terapia, por favor preencha [&hellip;]<\/p>\n","protected":false},"author":1,"featured_media":720,"parent":203,"menu_order":0,"comment_status":"closed","ping_status":"closed","template":"","meta":{"_uag_custom_page_level_css":"","site-sidebar-layout":"default","site-content-layout":"","ast-site-content-layout":"default","site-content-style":"default","site-sidebar-style":"default","ast-global-header-display":"","ast-banner-title-visibility":"","ast-main-header-display":"","ast-hfb-above-header-display":"","ast-hfb-below-header-display":"","ast-hfb-mobile-header-display":"","site-post-title":"","ast-breadcrumbs-content":"","ast-featured-img":"disabled","footer-sml-layout":"","ast-disable-related-posts":"","theme-transparent-header-meta":"","adv-header-id-meta":"","stick-header-meta":"","header-above-stick-meta":"","header-main-stick-meta":"","header-below-stick-meta":"","astra-migrate-meta-layouts":"default","ast-page-background-enabled":"default","ast-page-background-meta":{"desktop":{"background-color":"var(--ast-global-color-4)","background-image":"","background-repeat":"repeat","background-position":"center center","background-size":"auto","background-attachment":"scroll","background-type":"","background-media":"","overlay-type":"","overlay-color":"","overlay-opacity":"","overlay-gradient":""},"tablet":{"background-color":"","background-image":"","background-repeat":"repeat","background-position":"center center","background-size":"auto","background-attachment":"scroll","background-type":"","background-media":"","overlay-type":"","overlay-color":"","overlay-opacity":"","overlay-gradient":""},"mobile":{"background-color":"","background-image":"","background-repeat":"repeat","background-position":"center center","background-size":"auto","background-attachment":"scroll","background-type":"","background-media":"","overlay-type":"","overlay-color":"","overlay-opacity":"","overlay-gradient":""}},"ast-content-background-meta":{"desktop":{"background-color":"var(--ast-global-color-5)","background-image":"","background-repeat":"repeat","background-position":"center center","background-size":"auto","background-attachment":"scroll","background-type":"","background-media":"","overlay-type":"","overlay-color":"","overlay-opacity":"","overlay-gradient":""},"tablet":{"background-color":"var(--ast-global-color-5)","background-image":"","background-repeat":"repeat","background-position":"center center","background-size":"auto","background-attachment":"scroll","background-type":"","background-media":"","overlay-type":"","overlay-color":"","overlay-opacity":"","overlay-gradient":""},"mobile":{"background-color":"var(--ast-global-color-5)","background-image":"","background-repeat":"repeat","background-position":"center center","background-size":"auto","background-attachment":"scroll","background-type":"","background-media":"","overlay-type":"","overlay-color":"","overlay-opacity":"","overlay-gradient":""}},"footnotes":""},"class_list":["post-292","page","type-page","status-publish","has-post-thumbnail","hentry"],"yoast_head":"<!-- This site is optimized with the Yoast SEO plugin v27.3 - https:\/\/yoast.com\/product\/yoast-seo-wordpress\/ -->\n<title>Terapia de Casais Focada nas Emo\u00e7\u00f5es - Rossana Counseling<\/title>\n<meta name=\"robots\" content=\"index, follow, max-snippet:-1, max-image-preview:large, max-video-preview:-1\" \/>\n<link rel=\"canonical\" href=\"https:\/\/rossanacounseling.com\/pt-br\/servicos-de-aconselhamento\/casais-terapia-focada-emocional\/\" \/>\n<meta property=\"og:locale\" content=\"pt_BR\" \/>\n<meta property=\"og:type\" content=\"article\" \/>\n<meta property=\"og:title\" content=\"Terapia de Casais Focada nas Emo\u00e7\u00f5es - Rossana Counseling\" \/>\n<meta property=\"og:description\" content=\"Se voc\u00ea j\u00e1 tem um agendamento com Rossana ou se j\u00e1 est\u00e1 seguro que deseja fazer terapia, por favor preencha [&hellip;]\" \/>\n<meta property=\"og:url\" content=\"https:\/\/rossanacounseling.com\/pt-br\/servicos-de-aconselhamento\/casais-terapia-focada-emocional\/\" \/>\n<meta property=\"og:site_name\" content=\"Rossana Counseling\" \/>\n<meta property=\"article:modified_time\" content=\"2018-01-14T22:51:07+00:00\" \/>\n<meta property=\"og:image\" content=\"https:\/\/rossanacounseling.com\/wp-content\/uploads\/2016\/05\/Couples-therapy-350x200.jpg\" \/>\n\t<meta property=\"og:image:width\" content=\"350\" \/>\n\t<meta property=\"og:image:height\" content=\"200\" \/>\n\t<meta property=\"og:image:type\" content=\"image\/jpeg\" \/>\n<meta name=\"twitter:card\" content=\"summary_large_image\" \/>\n<meta name=\"twitter:label1\" content=\"Est. tempo de leitura\" \/>\n\t<meta name=\"twitter:data1\" content=\"2 minutos\" \/>\n<script type=\"application\/ld+json\" class=\"yoast-schema-graph\">{\"@context\":\"https:\\\/\\\/schema.org\",\"@graph\":[{\"@type\":\"WebPage\",\"@id\":\"https:\\\/\\\/rossanacounseling.com\\\/pt-br\\\/servicos-de-aconselhamento\\\/casais-terapia-focada-emocional\\\/\",\"url\":\"https:\\\/\\\/rossanacounseling.com\\\/pt-br\\\/servicos-de-aconselhamento\\\/casais-terapia-focada-emocional\\\/\",\"name\":\"Terapia de Casais Focada nas Emo\u00e7\u00f5es - Rossana Counseling\",\"isPartOf\":{\"@id\":\"https:\\\/\\\/rossanacounseling.com\\\/#website\"},\"primaryImageOfPage\":{\"@id\":\"https:\\\/\\\/rossanacounseling.com\\\/pt-br\\\/servicos-de-aconselhamento\\\/casais-terapia-focada-emocional\\\/#primaryimage\"},\"image\":{\"@id\":\"https:\\\/\\\/rossanacounseling.com\\\/pt-br\\\/servicos-de-aconselhamento\\\/casais-terapia-focada-emocional\\\/#primaryimage\"},\"thumbnailUrl\":\"https:\\\/\\\/rossanacounseling.com\\\/wp-content\\\/uploads\\\/2016\\\/05\\\/Couples-therapy-350x200.jpg\",\"datePublished\":\"2016-05-26T02:45:51+00:00\",\"dateModified\":\"2018-01-14T22:51:07+00:00\",\"breadcrumb\":{\"@id\":\"https:\\\/\\\/rossanacounseling.com\\\/pt-br\\\/servicos-de-aconselhamento\\\/casais-terapia-focada-emocional\\\/#breadcrumb\"},\"inLanguage\":\"pt-BR\",\"potentialAction\":[{\"@type\":\"ReadAction\",\"target\":[\"https:\\\/\\\/rossanacounseling.com\\\/pt-br\\\/servicos-de-aconselhamento\\\/casais-terapia-focada-emocional\\\/\"]}]},{\"@type\":\"ImageObject\",\"inLanguage\":\"pt-BR\",\"@id\":\"https:\\\/\\\/rossanacounseling.com\\\/pt-br\\\/servicos-de-aconselhamento\\\/casais-terapia-focada-emocional\\\/#primaryimage\",\"url\":\"https:\\\/\\\/rossanacounseling.com\\\/wp-content\\\/uploads\\\/2016\\\/05\\\/Couples-therapy-350x200.jpg\",\"contentUrl\":\"https:\\\/\\\/rossanacounseling.com\\\/wp-content\\\/uploads\\\/2016\\\/05\\\/Couples-therapy-350x200.jpg\",\"width\":350,\"height\":200},{\"@type\":\"BreadcrumbList\",\"@id\":\"https:\\\/\\\/rossanacounseling.com\\\/pt-br\\\/servicos-de-aconselhamento\\\/casais-terapia-focada-emocional\\\/#breadcrumb\",\"itemListElement\":[{\"@type\":\"ListItem\",\"position\":1,\"name\":\"Home\",\"item\":\"https:\\\/\\\/rossanacounseling.com\\\/\"},{\"@type\":\"ListItem\",\"position\":2,\"name\":\"Servi\u00e7os de Terapia\",\"item\":\"https:\\\/\\\/rossanacounseling.com\\\/pt-br\\\/servicos-de-aconselhamento\\\/\"},{\"@type\":\"ListItem\",\"position\":3,\"name\":\"Terapia de Casais Focada nas Emo\u00e7\u00f5es\"}]},{\"@type\":\"WebSite\",\"@id\":\"https:\\\/\\\/rossanacounseling.com\\\/#website\",\"url\":\"https:\\\/\\\/rossanacounseling.com\\\/\",\"name\":\"Rossana Counseling\",\"description\":\"Couples and Family Counseling\",\"publisher\":{\"@id\":\"https:\\\/\\\/rossanacounseling.com\\\/#organization\"},\"potentialAction\":[{\"@type\":\"SearchAction\",\"target\":{\"@type\":\"EntryPoint\",\"urlTemplate\":\"https:\\\/\\\/rossanacounseling.com\\\/?s={search_term_string}\"},\"query-input\":{\"@type\":\"PropertyValueSpecification\",\"valueRequired\":true,\"valueName\":\"search_term_string\"}}],\"inLanguage\":\"pt-BR\"},{\"@type\":\"Organization\",\"@id\":\"https:\\\/\\\/rossanacounseling.com\\\/#organization\",\"name\":\"Rossana Counseling\",\"url\":\"https:\\\/\\\/rossanacounseling.com\\\/\",\"logo\":{\"@type\":\"ImageObject\",\"inLanguage\":\"pt-BR\",\"@id\":\"https:\\\/\\\/rossanacounseling.com\\\/#\\\/schema\\\/logo\\\/image\\\/\",\"url\":\"https:\\\/\\\/rossanacounseling.com\\\/wp-content\\\/uploads\\\/2016\\\/07\\\/cropped-rossana-counseling-logo-512--e1502225123991.png\",\"contentUrl\":\"https:\\\/\\\/rossanacounseling.com\\\/wp-content\\\/uploads\\\/2016\\\/07\\\/cropped-rossana-counseling-logo-512--e1502225123991.png\",\"width\":500,\"height\":512,\"caption\":\"Rossana Counseling\"},\"image\":{\"@id\":\"https:\\\/\\\/rossanacounseling.com\\\/#\\\/schema\\\/logo\\\/image\\\/\"}}]}<\/script>\n<!-- \/ Yoast SEO plugin. -->","yoast_head_json":{"title":"Terapia de Casais Focada nas Emo\u00e7\u00f5es - Rossana Counseling","robots":{"index":"index","follow":"follow","max-snippet":"max-snippet:-1","max-image-preview":"max-image-preview:large","max-video-preview":"max-video-preview:-1"},"canonical":"https:\/\/rossanacounseling.com\/pt-br\/servicos-de-aconselhamento\/casais-terapia-focada-emocional\/","og_locale":"pt_BR","og_type":"article","og_title":"Terapia de Casais Focada nas Emo\u00e7\u00f5es - Rossana Counseling","og_description":"Se voc\u00ea j\u00e1 tem um agendamento com Rossana ou se j\u00e1 est\u00e1 seguro que deseja fazer terapia, por favor preencha [&hellip;]","og_url":"https:\/\/rossanacounseling.com\/pt-br\/servicos-de-aconselhamento\/casais-terapia-focada-emocional\/","og_site_name":"Rossana Counseling","article_modified_time":"2018-01-14T22:51:07+00:00","og_image":[{"width":350,"height":200,"url":"https:\/\/rossanacounseling.com\/wp-content\/uploads\/2016\/05\/Couples-therapy-350x200.jpg","type":"image\/jpeg"}],"twitter_card":"summary_large_image","twitter_misc":{"Est. tempo de leitura":"2 minutos"},"schema":{"@context":"https:\/\/schema.org","@graph":[{"@type":"WebPage","@id":"https:\/\/rossanacounseling.com\/pt-br\/servicos-de-aconselhamento\/casais-terapia-focada-emocional\/","url":"https:\/\/rossanacounseling.com\/pt-br\/servicos-de-aconselhamento\/casais-terapia-focada-emocional\/","name":"Terapia de Casais Focada nas Emo\u00e7\u00f5es - Rossana Counseling","isPartOf":{"@id":"https:\/\/rossanacounseling.com\/#website"},"primaryImageOfPage":{"@id":"https:\/\/rossanacounseling.com\/pt-br\/servicos-de-aconselhamento\/casais-terapia-focada-emocional\/#primaryimage"},"image":{"@id":"https:\/\/rossanacounseling.com\/pt-br\/servicos-de-aconselhamento\/casais-terapia-focada-emocional\/#primaryimage"},"thumbnailUrl":"https:\/\/rossanacounseling.com\/wp-content\/uploads\/2016\/05\/Couples-therapy-350x200.jpg","datePublished":"2016-05-26T02:45:51+00:00","dateModified":"2018-01-14T22:51:07+00:00","breadcrumb":{"@id":"https:\/\/rossanacounseling.com\/pt-br\/servicos-de-aconselhamento\/casais-terapia-focada-emocional\/#breadcrumb"},"inLanguage":"pt-BR","potentialAction":[{"@type":"ReadAction","target":["https:\/\/rossanacounseling.com\/pt-br\/servicos-de-aconselhamento\/casais-terapia-focada-emocional\/"]}]},{"@type":"ImageObject","inLanguage":"pt-BR","@id":"https:\/\/rossanacounseling.com\/pt-br\/servicos-de-aconselhamento\/casais-terapia-focada-emocional\/#primaryimage","url":"https:\/\/rossanacounseling.com\/wp-content\/uploads\/2016\/05\/Couples-therapy-350x200.jpg","contentUrl":"https:\/\/rossanacounseling.com\/wp-content\/uploads\/2016\/05\/Couples-therapy-350x200.jpg","width":350,"height":200},{"@type":"BreadcrumbList","@id":"https:\/\/rossanacounseling.com\/pt-br\/servicos-de-aconselhamento\/casais-terapia-focada-emocional\/#breadcrumb","itemListElement":[{"@type":"ListItem","position":1,"name":"Home","item":"https:\/\/rossanacounseling.com\/"},{"@type":"ListItem","position":2,"name":"Servi\u00e7os de Terapia","item":"https:\/\/rossanacounseling.com\/pt-br\/servicos-de-aconselhamento\/"},{"@type":"ListItem","position":3,"name":"Terapia de Casais Focada nas Emo\u00e7\u00f5es"}]},{"@type":"WebSite","@id":"https:\/\/rossanacounseling.com\/#website","url":"https:\/\/rossanacounseling.com\/","name":"Rossana Counseling","description":"Couples and Family Counseling","publisher":{"@id":"https:\/\/rossanacounseling.com\/#organization"},"potentialAction":[{"@type":"SearchAction","target":{"@type":"EntryPoint","urlTemplate":"https:\/\/rossanacounseling.com\/?s={search_term_string}"},"query-input":{"@type":"PropertyValueSpecification","valueRequired":true,"valueName":"search_term_string"}}],"inLanguage":"pt-BR"},{"@type":"Organization","@id":"https:\/\/rossanacounseling.com\/#organization","name":"Rossana Counseling","url":"https:\/\/rossanacounseling.com\/","logo":{"@type":"ImageObject","inLanguage":"pt-BR","@id":"https:\/\/rossanacounseling.com\/#\/schema\/logo\/image\/","url":"https:\/\/rossanacounseling.com\/wp-content\/uploads\/2016\/07\/cropped-rossana-counseling-logo-512--e1502225123991.png","contentUrl":"https:\/\/rossanacounseling.com\/wp-content\/uploads\/2016\/07\/cropped-rossana-counseling-logo-512--e1502225123991.png","width":500,"height":512,"caption":"Rossana Counseling"},"image":{"@id":"https:\/\/rossanacounseling.com\/#\/schema\/logo\/image\/"}}]}},"uagb_featured_image_src":{"full":["https:\/\/rossanacounseling.com\/wp-content\/uploads\/2016\/05\/Couples-therapy-350x200.jpg",350,200,false],"thumbnail":["https:\/\/rossanacounseling.com\/wp-content\/uploads\/2016\/05\/Couples-therapy-350x200-150x150.jpg",150,150,true],"medium":["https:\/\/rossanacounseling.com\/wp-content\/uploads\/2016\/05\/Couples-therapy-350x200-300x171.jpg",300,171,true],"medium_large":["https:\/\/rossanacounseling.com\/wp-content\/uploads\/2016\/05\/Couples-therapy-350x200.jpg",350,200,false],"large":["https:\/\/rossanacounseling.com\/wp-content\/uploads\/2016\/05\/Couples-therapy-350x200.jpg",350,200,false],"1536x1536":["https:\/\/rossanacounseling.com\/wp-content\/uploads\/2016\/05\/Couples-therapy-350x200.jpg",350,200,false],"2048x2048":["https:\/\/rossanacounseling.com\/wp-content\/uploads\/2016\/05\/Couples-therapy-350x200.jpg",350,200,false],"gform-image-choice-sm":["https:\/\/rossanacounseling.com\/wp-content\/uploads\/2016\/05\/Couples-therapy-350x200.jpg",300,171,false],"gform-image-choice-md":["https:\/\/rossanacounseling.com\/wp-content\/uploads\/2016\/05\/Couples-therapy-350x200.jpg",350,200,false],"gform-image-choice-lg":["https:\/\/rossanacounseling.com\/wp-content\/uploads\/2016\/05\/Couples-therapy-350x200.jpg",350,200,false]},"uagb_author_info":{"display_name":"Terri Voltz","author_link":"https:\/\/rossanacounseling.com\/pt-br\/author\/terri-voltz\/"},"uagb_comment_info":0,"uagb_excerpt":"Se voc\u00ea j\u00e1 tem um agendamento com Rossana ou se j\u00e1 est\u00e1 seguro que deseja fazer terapia, por favor preencha [&hellip;]","_links":{"self":[{"href":"https:\/\/rossanacounseling.com\/pt-br\/wp-json\/wp\/v2\/pages\/292","targetHints":{"allow":["GET"]}}],"collection":[{"href":"https:\/\/rossanacounseling.com\/pt-br\/wp-json\/wp\/v2\/pages"}],"about":[{"href":"https:\/\/rossanacounseling.com\/pt-br\/wp-json\/wp\/v2\/types\/page"}],"author":[{"embeddable":true,"href":"https:\/\/rossanacounseling.com\/pt-br\/wp-json\/wp\/v2\/users\/1"}],"replies":[{"embeddable":true,"href":"https:\/\/rossanacounseling.com\/pt-br\/wp-json\/wp\/v2\/comments?post=292"}],"version-history":[{"count":0,"href":"https:\/\/rossanacounseling.com\/pt-br\/wp-json\/wp\/v2\/pages\/292\/revisions"}],"up":[{"embeddable":true,"href":"https:\/\/rossanacounseling.com\/pt-br\/wp-json\/wp\/v2\/pages\/203"}],"wp:featuredmedia":[{"embeddable":true,"href":"https:\/\/rossanacounseling.com\/pt-br\/wp-json\/wp\/v2\/media\/720"}],"wp:attachment":[{"href":"https:\/\/rossanacounseling.com\/pt-br\/wp-json\/wp\/v2\/media?parent=292"}],"curies":[{"name":"wp","href":"https:\/\/api.w.org\/{rel}","templated":true}]}}