{"id":294,"date":"2016-09-06T19:46:15","date_gmt":"2016-09-06T19:46:15","guid":{"rendered":"https:\/\/rossanacounseling.com\/pt-br\/?page_id=294"},"modified":"2016-09-07T17:28:51","modified_gmt":"2016-09-07T17:28:51","slug":"terapia-familiar","status":"publish","type":"page","link":"https:\/\/rossanacounseling.com\/pt-br\/servicos-de-aconselhamento\/terapia-familiar\/","title":{"rendered":"Terapia familiar"},"content":{"rendered":"<h2>Trabalhei com crian\u00e7as e fam\u00edlias h\u00e1 mais de vinte anos.<\/h2>\n<p><img loading=\"lazy\" decoding=\"async\" class=\"aligncenter size-full wp-image-247\" src=\"https:\/\/rossanacounseling.com\/wp-content\/uploads\/2016\/05\/African-American-Family-600x311.jpg\" alt=\"African American family\" width=\"600\" height=\"311\" srcset=\"https:\/\/rossanacounseling.com\/wp-content\/uploads\/2016\/05\/African-American-Family-600x311.jpg 600w, https:\/\/rossanacounseling.com\/wp-content\/uploads\/2016\/05\/African-American-Family-600x311-300x156.jpg 300w\" sizes=\"auto, (max-width: 600px) 100vw, 600px\" \/><\/p>\n<h3>Efectuar uma marca\u00e7\u00e3o com Rossana e compreender sua abordagem para apoiar a sua fam\u00edlia for\u00e7a.<\/h3>\n<h4>Se voc\u00ea enfrenta:<\/h4>\n<ul>\n<li>Adop\u00e7\u00e3o da<\/li>\n<li>Crian\u00e7a e do Adolescente da crise a<\/li>\n<li>Vida muda<\/li>\n<li>Dor<\/li>\n<li>Espiritualidade quest\u00f5es o<\/li>\n<li>V\u00edcio da Internet<\/li>\n<li>Pais desafios<\/li>\n<li>Desequilibrada do desejo sexual<\/li>\n<li>Jogo de v\u00eddeo Toxicodepend\u00eancia<\/li>\n<li>Teen viol\u00eancia<\/li>\n<li>Viol\u00eancia dom\u00e9stica<\/li>\n<\/ul>\n<h4><img loading=\"lazy\" decoding=\"async\" class=\"aligncenter wp-image-86 size-full\" src=\"https:\/\/rossanacounseling.com\/wp-content\/uploads\/2016\/05\/family-counseling-600x316.jpg\" alt=\"Rossana offering therapy to a mother and child\" width=\"600\" height=\"316\" srcset=\"https:\/\/rossanacounseling.com\/wp-content\/uploads\/2016\/05\/family-counseling-600x316.jpg 600w, https:\/\/rossanacounseling.com\/wp-content\/uploads\/2016\/05\/family-counseling-600x316-300x158.jpg 300w\" sizes=\"auto, (max-width: 600px) 100vw, 600px\" \/><br \/>\nSobre Rossana Magalhaes<\/h4>\n<p>Eu comecei a minha carreira como professor e aluno conselheiro. Trabalhei em ambos os sectores p\u00fablico e privado em cidades como o Rio de Janeiro, Salvador e Belo Horizonte no Brasil e Greensboro, Lexington, e o ponto alto, nos Estados Unidos. Atrav\u00e9s dos anos de constru\u00e7\u00e3o de liga\u00e7\u00f5es fortes e profundos relacionamentos, I mudou a minha carreira foco para um setting terap\u00eautico por ganhar um segundo mestrado com \u00eanfase em casais e terapia familiar e de refina\u00e7\u00e3o minha comunidade compet\u00eancias em cl\u00ednicas de sa\u00fade mental.<\/p>\n<p>Com uma vis\u00e3o humanista e abordagem sist\u00eamica, acredito que as pessoas s\u00e3o resilientes e t\u00eam um desejo inato de crescer.<\/p>\n<p><strong>Eu pratico a partir de uma for\u00e7a, de desenvolvimento e postura multicultural usando m\u00e9todos baseados em terapia focada emocionalmente, Cliente Terapia centrada, centrado na solu\u00e7\u00e3o da terapia e da terapia cognitivo-comportamental.<\/strong><\/p>\n<h3>Por favor ligue para 336-422-7679 a qualquer momento &#8211; para agendar um compromisso da terapia familiar, com quaisquer quest\u00f5es ou apenas para fazer uma conex\u00e3o.<\/h3>\n","protected":false},"excerpt":{"rendered":"<p>Trabalhei com crian\u00e7as e fam\u00edlias h\u00e1 mais de vinte anos. Efectuar uma marca\u00e7\u00e3o com Rossana e compreender sua abordagem para [&hellip;]<\/p>\n","protected":false},"author":1,"featured_media":241,"parent":203,"menu_order":0,"comment_status":"closed","ping_status":"closed","template":"","meta":{"_uag_custom_page_level_css":"","site-sidebar-layout":"default","site-content-layout":"","ast-site-content-layout":"default","site-content-style":"default","site-sidebar-style":"default","ast-global-header-display":"","ast-banner-title-visibility":"","ast-main-header-display":"","ast-hfb-above-header-display":"","ast-hfb-below-header-display":"","ast-hfb-mobile-header-display":"","site-post-title":"","ast-breadcrumbs-content":"","ast-featured-img":"disabled","footer-sml-layout":"","ast-disable-related-posts":"","theme-transparent-header-meta":"","adv-header-id-meta":"","stick-header-meta":"","header-above-stick-meta":"","header-main-stick-meta":"","header-below-stick-meta":"","astra-migrate-meta-layouts":"default","ast-page-background-enabled":"default","ast-page-background-meta":{"desktop":{"background-color":"var(--ast-global-color-4)","background-image":"","background-repeat":"repeat","background-position":"center center","background-size":"auto","background-attachment":"scroll","background-type":"","background-media":"","overlay-type":"","overlay-color":"","overlay-opacity":"","overlay-gradient":""},"tablet":{"background-color":"","background-image":"","background-repeat":"repeat","background-position":"center center","background-size":"auto","background-attachment":"scroll","background-type":"","background-media":"","overlay-type":"","overlay-color":"","overlay-opacity":"","overlay-gradient":""},"mobile":{"background-color":"","background-image":"","background-repeat":"repeat","background-position":"center center","background-size":"auto","background-attachment":"scroll","background-type":"","background-media":"","overlay-type":"","overlay-color":"","overlay-opacity":"","overlay-gradient":""}},"ast-content-background-meta":{"desktop":{"background-color":"var(--ast-global-color-5)","background-image":"","background-repeat":"repeat","background-position":"center center","background-size":"auto","background-attachment":"scroll","background-type":"","background-media":"","overlay-type":"","overlay-color":"","overlay-opacity":"","overlay-gradient":""},"tablet":{"background-color":"var(--ast-global-color-5)","background-image":"","background-repeat":"repeat","background-position":"center center","background-size":"auto","background-attachment":"scroll","background-type":"","background-media":"","overlay-type":"","overlay-color":"","overlay-opacity":"","overlay-gradient":""},"mobile":{"background-color":"var(--ast-global-color-5)","background-image":"","background-repeat":"repeat","background-position":"center center","background-size":"auto","background-attachment":"scroll","background-type":"","background-media":"","overlay-type":"","overlay-color":"","overlay-opacity":"","overlay-gradient":""}},"footnotes":""},"class_list":["post-294","page","type-page","status-publish","has-post-thumbnail","hentry"],"yoast_head":"<!-- This site is optimized with the Yoast SEO plugin v27.3 - https:\/\/yoast.com\/product\/yoast-seo-wordpress\/ -->\n<title>Terapia familiar - Rossana Counseling<\/title>\n<meta name=\"robots\" content=\"index, follow, max-snippet:-1, max-image-preview:large, max-video-preview:-1\" \/>\n<link rel=\"canonical\" href=\"https:\/\/rossanacounseling.com\/pt-br\/servicos-de-aconselhamento\/terapia-familiar\/\" \/>\n<meta property=\"og:locale\" content=\"pt_BR\" \/>\n<meta property=\"og:type\" content=\"article\" \/>\n<meta property=\"og:title\" content=\"Terapia familiar - Rossana Counseling\" \/>\n<meta property=\"og:description\" content=\"Trabalhei com crian\u00e7as e fam\u00edlias h\u00e1 mais de vinte anos. Efectuar uma marca\u00e7\u00e3o com Rossana e compreender sua abordagem para [&hellip;]\" \/>\n<meta property=\"og:url\" content=\"https:\/\/rossanacounseling.com\/pt-br\/servicos-de-aconselhamento\/terapia-familiar\/\" \/>\n<meta property=\"og:site_name\" content=\"Rossana Counseling\" \/>\n<meta property=\"article:modified_time\" content=\"2016-09-07T17:28:51+00:00\" \/>\n<meta property=\"og:image\" content=\"https:\/\/rossanacounseling.com\/wp-content\/uploads\/2016\/05\/rossana-family-counseling-350x200.jpg\" \/>\n\t<meta property=\"og:image:width\" content=\"350\" \/>\n\t<meta property=\"og:image:height\" content=\"200\" \/>\n\t<meta property=\"og:image:type\" content=\"image\/jpeg\" \/>\n<meta name=\"twitter:card\" content=\"summary_large_image\" \/>\n<meta name=\"twitter:label1\" content=\"Est. tempo de leitura\" \/>\n\t<meta name=\"twitter:data1\" content=\"1 minuto\" \/>\n<script type=\"application\/ld+json\" class=\"yoast-schema-graph\">{\"@context\":\"https:\\\/\\\/schema.org\",\"@graph\":[{\"@type\":\"WebPage\",\"@id\":\"https:\\\/\\\/rossanacounseling.com\\\/pt-br\\\/servicos-de-aconselhamento\\\/terapia-familiar\\\/\",\"url\":\"https:\\\/\\\/rossanacounseling.com\\\/pt-br\\\/servicos-de-aconselhamento\\\/terapia-familiar\\\/\",\"name\":\"Terapia familiar - Rossana Counseling\",\"isPartOf\":{\"@id\":\"https:\\\/\\\/rossanacounseling.com\\\/#website\"},\"primaryImageOfPage\":{\"@id\":\"https:\\\/\\\/rossanacounseling.com\\\/pt-br\\\/servicos-de-aconselhamento\\\/terapia-familiar\\\/#primaryimage\"},\"image\":{\"@id\":\"https:\\\/\\\/rossanacounseling.com\\\/pt-br\\\/servicos-de-aconselhamento\\\/terapia-familiar\\\/#primaryimage\"},\"thumbnailUrl\":\"https:\\\/\\\/rossanacounseling.com\\\/wp-content\\\/uploads\\\/2016\\\/05\\\/rossana-family-counseling-350x200.jpg\",\"datePublished\":\"2016-09-06T19:46:15+00:00\",\"dateModified\":\"2016-09-07T17:28:51+00:00\",\"breadcrumb\":{\"@id\":\"https:\\\/\\\/rossanacounseling.com\\\/pt-br\\\/servicos-de-aconselhamento\\\/terapia-familiar\\\/#breadcrumb\"},\"inLanguage\":\"pt-BR\",\"potentialAction\":[{\"@type\":\"ReadAction\",\"target\":[\"https:\\\/\\\/rossanacounseling.com\\\/pt-br\\\/servicos-de-aconselhamento\\\/terapia-familiar\\\/\"]}]},{\"@type\":\"ImageObject\",\"inLanguage\":\"pt-BR\",\"@id\":\"https:\\\/\\\/rossanacounseling.com\\\/pt-br\\\/servicos-de-aconselhamento\\\/terapia-familiar\\\/#primaryimage\",\"url\":\"https:\\\/\\\/rossanacounseling.com\\\/wp-content\\\/uploads\\\/2016\\\/05\\\/rossana-family-counseling-350x200.jpg\",\"contentUrl\":\"https:\\\/\\\/rossanacounseling.com\\\/wp-content\\\/uploads\\\/2016\\\/05\\\/rossana-family-counseling-350x200.jpg\",\"width\":350,\"height\":200,\"caption\":\"Family Counseling\"},{\"@type\":\"BreadcrumbList\",\"@id\":\"https:\\\/\\\/rossanacounseling.com\\\/pt-br\\\/servicos-de-aconselhamento\\\/terapia-familiar\\\/#breadcrumb\",\"itemListElement\":[{\"@type\":\"ListItem\",\"position\":1,\"name\":\"Home\",\"item\":\"https:\\\/\\\/rossanacounseling.com\\\/\"},{\"@type\":\"ListItem\",\"position\":2,\"name\":\"Servi\u00e7os de Terapia\",\"item\":\"https:\\\/\\\/rossanacounseling.com\\\/pt-br\\\/servicos-de-aconselhamento\\\/\"},{\"@type\":\"ListItem\",\"position\":3,\"name\":\"Terapia familiar\"}]},{\"@type\":\"WebSite\",\"@id\":\"https:\\\/\\\/rossanacounseling.com\\\/#website\",\"url\":\"https:\\\/\\\/rossanacounseling.com\\\/\",\"name\":\"Rossana Counseling\",\"description\":\"Couples and Family Counseling\",\"publisher\":{\"@id\":\"https:\\\/\\\/rossanacounseling.com\\\/#organization\"},\"potentialAction\":[{\"@type\":\"SearchAction\",\"target\":{\"@type\":\"EntryPoint\",\"urlTemplate\":\"https:\\\/\\\/rossanacounseling.com\\\/?s={search_term_string}\"},\"query-input\":{\"@type\":\"PropertyValueSpecification\",\"valueRequired\":true,\"valueName\":\"search_term_string\"}}],\"inLanguage\":\"pt-BR\"},{\"@type\":\"Organization\",\"@id\":\"https:\\\/\\\/rossanacounseling.com\\\/#organization\",\"name\":\"Rossana Counseling\",\"url\":\"https:\\\/\\\/rossanacounseling.com\\\/\",\"logo\":{\"@type\":\"ImageObject\",\"inLanguage\":\"pt-BR\",\"@id\":\"https:\\\/\\\/rossanacounseling.com\\\/#\\\/schema\\\/logo\\\/image\\\/\",\"url\":\"https:\\\/\\\/rossanacounseling.com\\\/wp-content\\\/uploads\\\/2016\\\/07\\\/cropped-rossana-counseling-logo-512--e1502225123991.png\",\"contentUrl\":\"https:\\\/\\\/rossanacounseling.com\\\/wp-content\\\/uploads\\\/2016\\\/07\\\/cropped-rossana-counseling-logo-512--e1502225123991.png\",\"width\":500,\"height\":512,\"caption\":\"Rossana Counseling\"},\"image\":{\"@id\":\"https:\\\/\\\/rossanacounseling.com\\\/#\\\/schema\\\/logo\\\/image\\\/\"}}]}<\/script>\n<!-- \/ Yoast SEO plugin. -->","yoast_head_json":{"title":"Terapia familiar - Rossana Counseling","robots":{"index":"index","follow":"follow","max-snippet":"max-snippet:-1","max-image-preview":"max-image-preview:large","max-video-preview":"max-video-preview:-1"},"canonical":"https:\/\/rossanacounseling.com\/pt-br\/servicos-de-aconselhamento\/terapia-familiar\/","og_locale":"pt_BR","og_type":"article","og_title":"Terapia familiar - Rossana Counseling","og_description":"Trabalhei com crian\u00e7as e fam\u00edlias h\u00e1 mais de vinte anos. Efectuar uma marca\u00e7\u00e3o com Rossana e compreender sua abordagem para [&hellip;]","og_url":"https:\/\/rossanacounseling.com\/pt-br\/servicos-de-aconselhamento\/terapia-familiar\/","og_site_name":"Rossana Counseling","article_modified_time":"2016-09-07T17:28:51+00:00","og_image":[{"width":350,"height":200,"url":"https:\/\/rossanacounseling.com\/wp-content\/uploads\/2016\/05\/rossana-family-counseling-350x200.jpg","type":"image\/jpeg"}],"twitter_card":"summary_large_image","twitter_misc":{"Est. tempo de leitura":"1 minuto"},"schema":{"@context":"https:\/\/schema.org","@graph":[{"@type":"WebPage","@id":"https:\/\/rossanacounseling.com\/pt-br\/servicos-de-aconselhamento\/terapia-familiar\/","url":"https:\/\/rossanacounseling.com\/pt-br\/servicos-de-aconselhamento\/terapia-familiar\/","name":"Terapia familiar - Rossana Counseling","isPartOf":{"@id":"https:\/\/rossanacounseling.com\/#website"},"primaryImageOfPage":{"@id":"https:\/\/rossanacounseling.com\/pt-br\/servicos-de-aconselhamento\/terapia-familiar\/#primaryimage"},"image":{"@id":"https:\/\/rossanacounseling.com\/pt-br\/servicos-de-aconselhamento\/terapia-familiar\/#primaryimage"},"thumbnailUrl":"https:\/\/rossanacounseling.com\/wp-content\/uploads\/2016\/05\/rossana-family-counseling-350x200.jpg","datePublished":"2016-09-06T19:46:15+00:00","dateModified":"2016-09-07T17:28:51+00:00","breadcrumb":{"@id":"https:\/\/rossanacounseling.com\/pt-br\/servicos-de-aconselhamento\/terapia-familiar\/#breadcrumb"},"inLanguage":"pt-BR","potentialAction":[{"@type":"ReadAction","target":["https:\/\/rossanacounseling.com\/pt-br\/servicos-de-aconselhamento\/terapia-familiar\/"]}]},{"@type":"ImageObject","inLanguage":"pt-BR","@id":"https:\/\/rossanacounseling.com\/pt-br\/servicos-de-aconselhamento\/terapia-familiar\/#primaryimage","url":"https:\/\/rossanacounseling.com\/wp-content\/uploads\/2016\/05\/rossana-family-counseling-350x200.jpg","contentUrl":"https:\/\/rossanacounseling.com\/wp-content\/uploads\/2016\/05\/rossana-family-counseling-350x200.jpg","width":350,"height":200,"caption":"Family Counseling"},{"@type":"BreadcrumbList","@id":"https:\/\/rossanacounseling.com\/pt-br\/servicos-de-aconselhamento\/terapia-familiar\/#breadcrumb","itemListElement":[{"@type":"ListItem","position":1,"name":"Home","item":"https:\/\/rossanacounseling.com\/"},{"@type":"ListItem","position":2,"name":"Servi\u00e7os de Terapia","item":"https:\/\/rossanacounseling.com\/pt-br\/servicos-de-aconselhamento\/"},{"@type":"ListItem","position":3,"name":"Terapia familiar"}]},{"@type":"WebSite","@id":"https:\/\/rossanacounseling.com\/#website","url":"https:\/\/rossanacounseling.com\/","name":"Rossana Counseling","description":"Couples and Family Counseling","publisher":{"@id":"https:\/\/rossanacounseling.com\/#organization"},"potentialAction":[{"@type":"SearchAction","target":{"@type":"EntryPoint","urlTemplate":"https:\/\/rossanacounseling.com\/?s={search_term_string}"},"query-input":{"@type":"PropertyValueSpecification","valueRequired":true,"valueName":"search_term_string"}}],"inLanguage":"pt-BR"},{"@type":"Organization","@id":"https:\/\/rossanacounseling.com\/#organization","name":"Rossana Counseling","url":"https:\/\/rossanacounseling.com\/","logo":{"@type":"ImageObject","inLanguage":"pt-BR","@id":"https:\/\/rossanacounseling.com\/#\/schema\/logo\/image\/","url":"https:\/\/rossanacounseling.com\/wp-content\/uploads\/2016\/07\/cropped-rossana-counseling-logo-512--e1502225123991.png","contentUrl":"https:\/\/rossanacounseling.com\/wp-content\/uploads\/2016\/07\/cropped-rossana-counseling-logo-512--e1502225123991.png","width":500,"height":512,"caption":"Rossana Counseling"},"image":{"@id":"https:\/\/rossanacounseling.com\/#\/schema\/logo\/image\/"}}]}},"uagb_featured_image_src":{"full":["https:\/\/rossanacounseling.com\/wp-content\/uploads\/2016\/05\/rossana-family-counseling-350x200.jpg",350,200,false],"thumbnail":["https:\/\/rossanacounseling.com\/wp-content\/uploads\/2016\/05\/rossana-family-counseling-350x200-150x150.jpg",150,150,true],"medium":["https:\/\/rossanacounseling.com\/wp-content\/uploads\/2016\/05\/rossana-family-counseling-350x200-300x171.jpg",300,171,true],"medium_large":["https:\/\/rossanacounseling.com\/wp-content\/uploads\/2016\/05\/rossana-family-counseling-350x200.jpg",350,200,false],"large":["https:\/\/rossanacounseling.com\/wp-content\/uploads\/2016\/05\/rossana-family-counseling-350x200.jpg",350,200,false],"1536x1536":["https:\/\/rossanacounseling.com\/wp-content\/uploads\/2016\/05\/rossana-family-counseling-350x200.jpg",350,200,false],"2048x2048":["https:\/\/rossanacounseling.com\/wp-content\/uploads\/2016\/05\/rossana-family-counseling-350x200.jpg",350,200,false],"gform-image-choice-sm":["https:\/\/rossanacounseling.com\/wp-content\/uploads\/2016\/05\/rossana-family-counseling-350x200.jpg",300,171,false],"gform-image-choice-md":["https:\/\/rossanacounseling.com\/wp-content\/uploads\/2016\/05\/rossana-family-counseling-350x200.jpg",350,200,false],"gform-image-choice-lg":["https:\/\/rossanacounseling.com\/wp-content\/uploads\/2016\/05\/rossana-family-counseling-350x200.jpg",350,200,false]},"uagb_author_info":{"display_name":"Terri Voltz","author_link":"https:\/\/rossanacounseling.com\/pt-br\/author\/terri-voltz\/"},"uagb_comment_info":0,"uagb_excerpt":"Trabalhei com crian\u00e7as e fam\u00edlias h\u00e1 mais de vinte anos. Efectuar uma marca\u00e7\u00e3o com Rossana e compreender sua abordagem para [&hellip;]","_links":{"self":[{"href":"https:\/\/rossanacounseling.com\/pt-br\/wp-json\/wp\/v2\/pages\/294","targetHints":{"allow":["GET"]}}],"collection":[{"href":"https:\/\/rossanacounseling.com\/pt-br\/wp-json\/wp\/v2\/pages"}],"about":[{"href":"https:\/\/rossanacounseling.com\/pt-br\/wp-json\/wp\/v2\/types\/page"}],"author":[{"embeddable":true,"href":"https:\/\/rossanacounseling.com\/pt-br\/wp-json\/wp\/v2\/users\/1"}],"replies":[{"embeddable":true,"href":"https:\/\/rossanacounseling.com\/pt-br\/wp-json\/wp\/v2\/comments?post=294"}],"version-history":[{"count":0,"href":"https:\/\/rossanacounseling.com\/pt-br\/wp-json\/wp\/v2\/pages\/294\/revisions"}],"up":[{"embeddable":true,"href":"https:\/\/rossanacounseling.com\/pt-br\/wp-json\/wp\/v2\/pages\/203"}],"wp:featuredmedia":[{"embeddable":true,"href":"https:\/\/rossanacounseling.com\/pt-br\/wp-json\/wp\/v2\/media\/241"}],"wp:attachment":[{"href":"https:\/\/rossanacounseling.com\/pt-br\/wp-json\/wp\/v2\/media?parent=294"}],"curies":[{"name":"wp","href":"https:\/\/api.w.org\/{rel}","templated":true}]}}