{"id":300,"date":"2016-09-06T20:13:34","date_gmt":"2016-09-06T20:13:34","guid":{"rendered":"https:\/\/rossanacounseling.com\/pt-br\/?page_id=300"},"modified":"2017-08-12T20:52:08","modified_gmt":"2017-08-13T00:52:08","slug":"comer-direito-agora-programa","status":"publish","type":"page","link":"https:\/\/rossanacounseling.com\/pt-br\/comer-direito-agora-programa\/","title":{"rendered":"Programa de Alimenta\u00e7\u00e3o Consciente &#8220;Comendo Agora\u00ae&#8221;"},"content":{"rendered":"<p><img loading=\"lazy\" decoding=\"async\" class=\"aligncenter size-full wp-image-258\" src=\"https:\/\/rossanacounseling.com\/wp-content\/uploads\/2016\/08\/Child-Having-Breakfast-400x266.jpg\" alt=\"Girl eating healthy breakfast\" width=\"400\" height=\"266\" srcset=\"https:\/\/rossanacounseling.com\/wp-content\/uploads\/2016\/08\/Child-Having-Breakfast-400x266.jpg 400w, https:\/\/rossanacounseling.com\/wp-content\/uploads\/2016\/08\/Child-Having-Breakfast-400x266-300x200.jpg 300w\" sizes=\"auto, (max-width: 400px) 100vw, 400px\" \/><\/p>\n<p class=\"p1\"><span class=\"s1\">Este programa est\u00e1 dispon\u00edvel inicialmente em Greensboro, na Carolina do Norte. Em um futuro pr\u00f3ximo, Rossana ir\u00e1 oferecer reuni\u00f5es de grupo pela internet. <\/span><a href=\"https:\/\/rossanacounseling.com\/pt-br\/contato\/\" target=\"_blank\" rel=\"noopener noreferrer\">CLIQUE AQUI PARA RECEBER INFORMA\u00c7\u00d5ES<\/a><\/p>\n<h2>Uma maneira simples de desenvolver h\u00e1bitos alimentares saud\u00e1veis.<\/h2>\n<p class=\"p1\"><span class=\"s1\"><b>O programa de alimenta\u00e7\u00e3o consciente\u00a0<em>Comendo Agora\u00ae <\/em><\/b><\/span><span class=\"s2\"><b>\u00a0<\/b><\/span><span class=\"s1\"><b>\u00e9 um programa que incorpora li\u00e7\u00f5es di\u00e1rias atrav\u00e9s de um aplicativo para telefone inteligente (smart phones) e grupo semanal de treinamento personalizado com o objetivo de desenvolver solu\u00e7\u00f5es pessoais e individuais para melhorar seu relacionamento com a alimenta\u00e7\u00e3o.<\/b><\/span><\/p>\n<p class=\"p1\"><em><span class=\"s2\"><b>Comendo Agora\u00ae <\/b><\/span><\/em><span class=\"s1\">utiliza a metodologia desenvolvida pelo Dr Judson Brewer na Universidade de Yale e da Universidade de Massachussetts e fornece uma maneira simples de incorporar h\u00e1bitos alimentares saud\u00e1veis em sua vida di\u00e1ria.<\/span><\/p>\n<p class=\"p1\">Dr. Brewer web site pode ser acessado <a href=\"http:\/\/www.umassmed.edu\/cfm\/about-us\/people\/meet-our-research-team\/brewer-judson\/\">clicando aqui:\u00a0<\/a><\/p>\n<p class=\"p1\">Voc\u00ea pode tamb\u00e9m assistir ao Ted Talk com o Dr. Brewer <a href=\"https:\/\/www.ted.com\/talks\/judson_brewer_a_simple_way_to_break_a_bad_habit?language=en\">clicando aqui.<\/a><\/p>\n<h4><img loading=\"lazy\" decoding=\"async\" class=\"alignright size-full wp-image-260\" src=\"https:\/\/rossanacounseling.com\/wp-content\/uploads\/2016\/08\/African-American-woman-eating-apple-286x330.jpg\" alt=\"African American Woman eating apple\" width=\"286\" height=\"330\" srcset=\"https:\/\/rossanacounseling.com\/wp-content\/uploads\/2016\/08\/African-American-woman-eating-apple-286x330.jpg 286w, https:\/\/rossanacounseling.com\/wp-content\/uploads\/2016\/08\/African-American-woman-eating-apple-286x330-260x300.jpg 260w\" sizes=\"auto, (max-width: 286px) 100vw, 286px\" \/>Se voc\u00ea deseja sentir\u2026<\/h4>\n<p>\u2022 Habilitado a fazer escolhas alimentares mais satisfat\u00f3rias para voc\u00ea.<br \/>\n\u2022 Feliz e satisfeito sobre os seus h\u00e1bitos alimentares.<br \/>\n\u2022 Encorajado a fazer as mudan\u00e7as que voc\u00ea deseja.<\/p>\n<p>O programa\u00a0<em><strong>Comendo Agora\u00ae\u00a0<\/strong><\/em>\u00e9 uma ferramenta indispens\u00e1vel.<\/p>\n<h3>Com o programa <em>Comendo Agora\u00ae<\/em>\u00a0voc\u00ea pode!<\/h3>\n<p>Reserve o seu espa\u00e7o na pr\u00f3xima reuni\u00e3o gratu\u00edta de orienta\u00e7\u00e3o. <a href=\"https:\/\/rossanacounseling.com\/pt-br\/contato\/\" target=\"_blank\" rel=\"noopener noreferrer\">Clique aqui.<\/a><\/p>\n<p>Estrutura do Curso<\/p>\n<p><strong>A inscri\u00e7\u00e3o<\/strong> no Programa Comendo Agora baseia-se no uso do aplicativo Eat Right Now\u00ae no seu telefone ou tablet, para treinamentos di\u00e1rios e curtos de aten\u00e7\u00e3o plena. Por enquanto o aplicativo est\u00e1 dispon\u00edvel apenas em ingl\u00eas.<br \/>\n<strong>Aprendizagem e Suporte em Grupo<\/strong> &#8211; Uma vez por semana voc\u00ea se reunir\u00e1 pela internet em uma sess\u00e3o facilitada com um grupo de colegas para praticar, discutir desafios e comemorar aprendizados e resultados. Voc\u00ea pode assistir \u00e0 sess\u00e3o toda semana ou como sua agenda permitir.<br \/>\nEnquanto voc\u00ea estiver participando das sesso\u00f5es pela internet e utilizando o aplicativo Eat Right Now\u00ae, voc\u00ea ter\u00e1 acesso a uma comunidade on-line para suporte cont\u00ednuo e di\u00e1logo.<\/p>\n<p style=\"text-align: center;\"><a href=\"https:\/\/rossanacounseling.com\/pt-br\/contato\/\" target=\"_blank\" rel=\"noopener noreferrer\"><span class=\"s1\"> \u00a0<\/span>CLIQUE AQUI PARA FAZER SUA RESERVA<\/a><\/p>\n","protected":false},"excerpt":{"rendered":"<p>Este programa est\u00e1 dispon\u00edvel inicialmente em Greensboro, na Carolina do Norte. Em um futuro pr\u00f3ximo, Rossana ir\u00e1 oferecer reuni\u00f5es de [&hellip;]<\/p>\n","protected":false},"author":1,"featured_media":0,"parent":0,"menu_order":0,"comment_status":"closed","ping_status":"closed","template":"","meta":{"_uag_custom_page_level_css":"","site-sidebar-layout":"default","site-content-layout":"","ast-site-content-layout":"default","site-content-style":"default","site-sidebar-style":"default","ast-global-header-display":"","ast-banner-title-visibility":"","ast-main-header-display":"","ast-hfb-above-header-display":"","ast-hfb-below-header-display":"","ast-hfb-mobile-header-display":"","site-post-title":"","ast-breadcrumbs-content":"","ast-featured-img":"","footer-sml-layout":"","ast-disable-related-posts":"","theme-transparent-header-meta":"","adv-header-id-meta":"","stick-header-meta":"","header-above-stick-meta":"","header-main-stick-meta":"","header-below-stick-meta":"","astra-migrate-meta-layouts":"default","ast-page-background-enabled":"default","ast-page-background-meta":{"desktop":{"background-color":"var(--ast-global-color-4)","background-image":"","background-repeat":"repeat","background-position":"center center","background-size":"auto","background-attachment":"scroll","background-type":"","background-media":"","overlay-type":"","overlay-color":"","overlay-opacity":"","overlay-gradient":""},"tablet":{"background-color":"","background-image":"","background-repeat":"repeat","background-position":"center center","background-size":"auto","background-attachment":"scroll","background-type":"","background-media":"","overlay-type":"","overlay-color":"","overlay-opacity":"","overlay-gradient":""},"mobile":{"background-color":"","background-image":"","background-repeat":"repeat","background-position":"center center","background-size":"auto","background-attachment":"scroll","background-type":"","background-media":"","overlay-type":"","overlay-color":"","overlay-opacity":"","overlay-gradient":""}},"ast-content-background-meta":{"desktop":{"background-color":"var(--ast-global-color-5)","background-image":"","background-repeat":"repeat","background-position":"center center","background-size":"auto","background-attachment":"scroll","background-type":"","background-media":"","overlay-type":"","overlay-color":"","overlay-opacity":"","overlay-gradient":""},"tablet":{"background-color":"var(--ast-global-color-5)","background-image":"","background-repeat":"repeat","background-position":"center center","background-size":"auto","background-attachment":"scroll","background-type":"","background-media":"","overlay-type":"","overlay-color":"","overlay-opacity":"","overlay-gradient":""},"mobile":{"background-color":"var(--ast-global-color-5)","background-image":"","background-repeat":"repeat","background-position":"center center","background-size":"auto","background-attachment":"scroll","background-type":"","background-media":"","overlay-type":"","overlay-color":"","overlay-opacity":"","overlay-gradient":""}},"footnotes":""},"class_list":["post-300","page","type-page","status-publish","hentry"],"yoast_head":"<!-- This site is optimized with the Yoast SEO plugin v27.3 - https:\/\/yoast.com\/product\/yoast-seo-wordpress\/ -->\n<title>Programa de Alimenta\u00e7\u00e3o Consciente &quot;Comendo Agora\u00ae&quot; - Rossana Counseling<\/title>\n<meta name=\"robots\" content=\"index, follow, max-snippet:-1, max-image-preview:large, max-video-preview:-1\" \/>\n<link rel=\"canonical\" href=\"https:\/\/rossanacounseling.com\/pt-br\/comer-direito-agora-programa\/\" \/>\n<meta property=\"og:locale\" content=\"pt_BR\" \/>\n<meta property=\"og:type\" content=\"article\" \/>\n<meta property=\"og:title\" content=\"Programa de Alimenta\u00e7\u00e3o Consciente &quot;Comendo Agora\u00ae&quot; - Rossana Counseling\" \/>\n<meta property=\"og:description\" content=\"Este programa est\u00e1 dispon\u00edvel inicialmente em Greensboro, na Carolina do Norte. Em um futuro pr\u00f3ximo, Rossana ir\u00e1 oferecer reuni\u00f5es de [&hellip;]\" \/>\n<meta property=\"og:url\" content=\"https:\/\/rossanacounseling.com\/pt-br\/comer-direito-agora-programa\/\" \/>\n<meta property=\"og:site_name\" content=\"Rossana Counseling\" \/>\n<meta property=\"article:modified_time\" content=\"2017-08-13T00:52:08+00:00\" \/>\n<meta property=\"og:image\" content=\"http:\/\/rossanacounseling.com\/wp-content\/uploads\/2016\/08\/Child-Having-Breakfast-400x266.jpg\" \/>\n<meta name=\"twitter:card\" content=\"summary_large_image\" \/>\n<meta name=\"twitter:label1\" content=\"Est. tempo de leitura\" \/>\n\t<meta name=\"twitter:data1\" content=\"2 minutos\" \/>\n<script type=\"application\/ld+json\" class=\"yoast-schema-graph\">{\"@context\":\"https:\\\/\\\/schema.org\",\"@graph\":[{\"@type\":\"WebPage\",\"@id\":\"https:\\\/\\\/rossanacounseling.com\\\/pt-br\\\/comer-direito-agora-programa\\\/\",\"url\":\"https:\\\/\\\/rossanacounseling.com\\\/pt-br\\\/comer-direito-agora-programa\\\/\",\"name\":\"Programa de Alimenta\u00e7\u00e3o Consciente \\\"Comendo Agora\u00ae\\\" - Rossana Counseling\",\"isPartOf\":{\"@id\":\"https:\\\/\\\/rossanacounseling.com\\\/#website\"},\"primaryImageOfPage\":{\"@id\":\"https:\\\/\\\/rossanacounseling.com\\\/pt-br\\\/comer-direito-agora-programa\\\/#primaryimage\"},\"image\":{\"@id\":\"https:\\\/\\\/rossanacounseling.com\\\/pt-br\\\/comer-direito-agora-programa\\\/#primaryimage\"},\"thumbnailUrl\":\"https:\\\/\\\/rossanacounseling.com\\\/wp-content\\\/uploads\\\/2016\\\/08\\\/Child-Having-Breakfast-400x266.jpg\",\"datePublished\":\"2016-09-06T20:13:34+00:00\",\"dateModified\":\"2017-08-13T00:52:08+00:00\",\"breadcrumb\":{\"@id\":\"https:\\\/\\\/rossanacounseling.com\\\/pt-br\\\/comer-direito-agora-programa\\\/#breadcrumb\"},\"inLanguage\":\"pt-BR\",\"potentialAction\":[{\"@type\":\"ReadAction\",\"target\":[\"https:\\\/\\\/rossanacounseling.com\\\/pt-br\\\/comer-direito-agora-programa\\\/\"]}]},{\"@type\":\"ImageObject\",\"inLanguage\":\"pt-BR\",\"@id\":\"https:\\\/\\\/rossanacounseling.com\\\/pt-br\\\/comer-direito-agora-programa\\\/#primaryimage\",\"url\":\"https:\\\/\\\/rossanacounseling.com\\\/wp-content\\\/uploads\\\/2016\\\/08\\\/Child-Having-Breakfast-400x266.jpg\",\"contentUrl\":\"https:\\\/\\\/rossanacounseling.com\\\/wp-content\\\/uploads\\\/2016\\\/08\\\/Child-Having-Breakfast-400x266.jpg\"},{\"@type\":\"BreadcrumbList\",\"@id\":\"https:\\\/\\\/rossanacounseling.com\\\/pt-br\\\/comer-direito-agora-programa\\\/#breadcrumb\",\"itemListElement\":[{\"@type\":\"ListItem\",\"position\":1,\"name\":\"Home\",\"item\":\"https:\\\/\\\/rossanacounseling.com\\\/\"},{\"@type\":\"ListItem\",\"position\":2,\"name\":\"Programa de Alimenta\u00e7\u00e3o Consciente &#8220;Comendo Agora\u00ae&#8221;\"}]},{\"@type\":\"WebSite\",\"@id\":\"https:\\\/\\\/rossanacounseling.com\\\/#website\",\"url\":\"https:\\\/\\\/rossanacounseling.com\\\/\",\"name\":\"Rossana Counseling\",\"description\":\"Couples and Family Counseling\",\"publisher\":{\"@id\":\"https:\\\/\\\/rossanacounseling.com\\\/#organization\"},\"potentialAction\":[{\"@type\":\"SearchAction\",\"target\":{\"@type\":\"EntryPoint\",\"urlTemplate\":\"https:\\\/\\\/rossanacounseling.com\\\/?s={search_term_string}\"},\"query-input\":{\"@type\":\"PropertyValueSpecification\",\"valueRequired\":true,\"valueName\":\"search_term_string\"}}],\"inLanguage\":\"pt-BR\"},{\"@type\":\"Organization\",\"@id\":\"https:\\\/\\\/rossanacounseling.com\\\/#organization\",\"name\":\"Rossana Counseling\",\"url\":\"https:\\\/\\\/rossanacounseling.com\\\/\",\"logo\":{\"@type\":\"ImageObject\",\"inLanguage\":\"pt-BR\",\"@id\":\"https:\\\/\\\/rossanacounseling.com\\\/#\\\/schema\\\/logo\\\/image\\\/\",\"url\":\"https:\\\/\\\/rossanacounseling.com\\\/wp-content\\\/uploads\\\/2016\\\/07\\\/cropped-rossana-counseling-logo-512--e1502225123991.png\",\"contentUrl\":\"https:\\\/\\\/rossanacounseling.com\\\/wp-content\\\/uploads\\\/2016\\\/07\\\/cropped-rossana-counseling-logo-512--e1502225123991.png\",\"width\":500,\"height\":512,\"caption\":\"Rossana Counseling\"},\"image\":{\"@id\":\"https:\\\/\\\/rossanacounseling.com\\\/#\\\/schema\\\/logo\\\/image\\\/\"}}]}<\/script>\n<!-- \/ Yoast SEO plugin. -->","yoast_head_json":{"title":"Programa de Alimenta\u00e7\u00e3o Consciente \"Comendo Agora\u00ae\" - Rossana Counseling","robots":{"index":"index","follow":"follow","max-snippet":"max-snippet:-1","max-image-preview":"max-image-preview:large","max-video-preview":"max-video-preview:-1"},"canonical":"https:\/\/rossanacounseling.com\/pt-br\/comer-direito-agora-programa\/","og_locale":"pt_BR","og_type":"article","og_title":"Programa de Alimenta\u00e7\u00e3o Consciente \"Comendo Agora\u00ae\" - Rossana Counseling","og_description":"Este programa est\u00e1 dispon\u00edvel inicialmente em Greensboro, na Carolina do Norte. Em um futuro pr\u00f3ximo, Rossana ir\u00e1 oferecer reuni\u00f5es de [&hellip;]","og_url":"https:\/\/rossanacounseling.com\/pt-br\/comer-direito-agora-programa\/","og_site_name":"Rossana Counseling","article_modified_time":"2017-08-13T00:52:08+00:00","og_image":[{"url":"http:\/\/rossanacounseling.com\/wp-content\/uploads\/2016\/08\/Child-Having-Breakfast-400x266.jpg","type":"","width":"","height":""}],"twitter_card":"summary_large_image","twitter_misc":{"Est. tempo de leitura":"2 minutos"},"schema":{"@context":"https:\/\/schema.org","@graph":[{"@type":"WebPage","@id":"https:\/\/rossanacounseling.com\/pt-br\/comer-direito-agora-programa\/","url":"https:\/\/rossanacounseling.com\/pt-br\/comer-direito-agora-programa\/","name":"Programa de Alimenta\u00e7\u00e3o Consciente \"Comendo Agora\u00ae\" - Rossana Counseling","isPartOf":{"@id":"https:\/\/rossanacounseling.com\/#website"},"primaryImageOfPage":{"@id":"https:\/\/rossanacounseling.com\/pt-br\/comer-direito-agora-programa\/#primaryimage"},"image":{"@id":"https:\/\/rossanacounseling.com\/pt-br\/comer-direito-agora-programa\/#primaryimage"},"thumbnailUrl":"https:\/\/rossanacounseling.com\/wp-content\/uploads\/2016\/08\/Child-Having-Breakfast-400x266.jpg","datePublished":"2016-09-06T20:13:34+00:00","dateModified":"2017-08-13T00:52:08+00:00","breadcrumb":{"@id":"https:\/\/rossanacounseling.com\/pt-br\/comer-direito-agora-programa\/#breadcrumb"},"inLanguage":"pt-BR","potentialAction":[{"@type":"ReadAction","target":["https:\/\/rossanacounseling.com\/pt-br\/comer-direito-agora-programa\/"]}]},{"@type":"ImageObject","inLanguage":"pt-BR","@id":"https:\/\/rossanacounseling.com\/pt-br\/comer-direito-agora-programa\/#primaryimage","url":"https:\/\/rossanacounseling.com\/wp-content\/uploads\/2016\/08\/Child-Having-Breakfast-400x266.jpg","contentUrl":"https:\/\/rossanacounseling.com\/wp-content\/uploads\/2016\/08\/Child-Having-Breakfast-400x266.jpg"},{"@type":"BreadcrumbList","@id":"https:\/\/rossanacounseling.com\/pt-br\/comer-direito-agora-programa\/#breadcrumb","itemListElement":[{"@type":"ListItem","position":1,"name":"Home","item":"https:\/\/rossanacounseling.com\/"},{"@type":"ListItem","position":2,"name":"Programa de Alimenta\u00e7\u00e3o Consciente &#8220;Comendo Agora\u00ae&#8221;"}]},{"@type":"WebSite","@id":"https:\/\/rossanacounseling.com\/#website","url":"https:\/\/rossanacounseling.com\/","name":"Rossana Counseling","description":"Couples and Family Counseling","publisher":{"@id":"https:\/\/rossanacounseling.com\/#organization"},"potentialAction":[{"@type":"SearchAction","target":{"@type":"EntryPoint","urlTemplate":"https:\/\/rossanacounseling.com\/?s={search_term_string}"},"query-input":{"@type":"PropertyValueSpecification","valueRequired":true,"valueName":"search_term_string"}}],"inLanguage":"pt-BR"},{"@type":"Organization","@id":"https:\/\/rossanacounseling.com\/#organization","name":"Rossana Counseling","url":"https:\/\/rossanacounseling.com\/","logo":{"@type":"ImageObject","inLanguage":"pt-BR","@id":"https:\/\/rossanacounseling.com\/#\/schema\/logo\/image\/","url":"https:\/\/rossanacounseling.com\/wp-content\/uploads\/2016\/07\/cropped-rossana-counseling-logo-512--e1502225123991.png","contentUrl":"https:\/\/rossanacounseling.com\/wp-content\/uploads\/2016\/07\/cropped-rossana-counseling-logo-512--e1502225123991.png","width":500,"height":512,"caption":"Rossana Counseling"},"image":{"@id":"https:\/\/rossanacounseling.com\/#\/schema\/logo\/image\/"}}]}},"uagb_featured_image_src":{"full":false,"thumbnail":false,"medium":false,"medium_large":false,"large":false,"1536x1536":false,"2048x2048":false,"gform-image-choice-sm":false,"gform-image-choice-md":false,"gform-image-choice-lg":false},"uagb_author_info":{"display_name":"Terri Voltz","author_link":"https:\/\/rossanacounseling.com\/pt-br\/author\/terri-voltz\/"},"uagb_comment_info":0,"uagb_excerpt":"Este programa est\u00e1 dispon\u00edvel inicialmente em Greensboro, na Carolina do Norte. Em um futuro pr\u00f3ximo, Rossana ir\u00e1 oferecer reuni\u00f5es de [&hellip;]","_links":{"self":[{"href":"https:\/\/rossanacounseling.com\/pt-br\/wp-json\/wp\/v2\/pages\/300","targetHints":{"allow":["GET"]}}],"collection":[{"href":"https:\/\/rossanacounseling.com\/pt-br\/wp-json\/wp\/v2\/pages"}],"about":[{"href":"https:\/\/rossanacounseling.com\/pt-br\/wp-json\/wp\/v2\/types\/page"}],"author":[{"embeddable":true,"href":"https:\/\/rossanacounseling.com\/pt-br\/wp-json\/wp\/v2\/users\/1"}],"replies":[{"embeddable":true,"href":"https:\/\/rossanacounseling.com\/pt-br\/wp-json\/wp\/v2\/comments?post=300"}],"version-history":[{"count":0,"href":"https:\/\/rossanacounseling.com\/pt-br\/wp-json\/wp\/v2\/pages\/300\/revisions"}],"wp:attachment":[{"href":"https:\/\/rossanacounseling.com\/pt-br\/wp-json\/wp\/v2\/media?parent=300"}],"curies":[{"name":"wp","href":"https:\/\/api.w.org\/{rel}","templated":true}]}}